{"id":1543,"date":"2021-10-11T10:43:05","date_gmt":"2021-10-11T08:43:05","guid":{"rendered":"https:\/\/advanced-concepts.de\/?page_id=1543"},"modified":"2026-02-24T09:45:41","modified_gmt":"2026-02-24T08:45:41","slug":"pim-pxm","status":"publish","type":"page","link":"https:\/\/dev.advanced-concepts.de\/en\/pim-pxm\/","title":{"rendered":"PIM Software"},"content":{"rendered":"\n    \n    <section class=\"u-clearfix u-grey-5 u-section-2\" id=\"sec-89a5\">\n      <div class=\"u-clearfix u-sheet u-sheet-1\">\n        <img decoding=\"async\" class=\"u-expanded-width-xs u-image u-image-round u-radius-10 u-image-1\" src=\"https:\/\/dev.advanced-concepts.de\/wp-content\/uploads\/2022\/11\/blau.jpg\" alt=\"\" data-image-width=\"97\" data-image-height=\"98\">\n        <h1 class=\"u-align-left u-text u-title u-text-1\"> PIM - Product Information Management<br>\n        <\/h1>\n      <\/div>\n    <\/section>\n    <section class=\"u-clearfix u-grey-5 u-section-3\" id=\"sec-a513\">\n      <div class=\"u-clearfix u-sheet u-valign-middle-lg u-valign-middle-md u-valign-middle-sm u-valign-middle-xs u-sheet-1\">\n        <p class=\"u-text u-text-custom-color-3 u-text-1\"> Mit der zentralen Pflege und Bereitstellung aller m\u00f6glichen Produktinformationen auf einer Plattform sorgen Sie f\u00fcr abteilungs\u00fcbergreifende Prozessoptimierung.<\/p>\n      <\/div>\n    <\/section>\n    <section class=\"u-clearfix u-grey-5 u-hidden-lg u-hidden-md u-hidden-sm u-hidden-xl u-hidden-xs u-section-4\" id=\"sec-9767\">\n      <div class=\"u-clearfix u-sheet u-valign-middle u-sheet-1\">\n        <img decoding=\"async\" class=\"u-expanded-width-lg u-expanded-width-md u-expanded-width-sm u-expanded-width-xl u-expanded-width-xs u-image u-image-round u-radius-10 u-image-1\" src=\"https:\/\/dev.advanced-concepts.de\/wp-content\/uploads\/2022\/11\/henrichshuette_hattingen_07_1440.png\" alt=\"\" data-image-width=\"1440\" data-image-height=\"479\">\n        <h2 class=\"u-custom-font u-text u-text-custom-color-3 u-text-default-xl u-text-default-xxl u-text-1\"><b>Feiern Sie Vertriebserfolge mit ac.PIM<\/b>\n        <\/h2>\n        <p class=\"u-text u-text-custom-color-3 u-text-2\"> Unser Product Information\nManagement ist das ideale Tool f\u00fcr die zentrale Pflege und Verwaltung von\nproduktbezogenen Daten sowie die Bereitstellung von Produktinformationen f\u00fcr\nalle Ausgabemedien. <br>\n          <br>Bereits in der Standardversion\nbietet unsere PIM-Software eine \u00fcberdurchschnittliche Funktionstiefe und frei\nkonfigurierbare Standardschnittstellen f\u00fcr Daten-Importe und -Exporte. Das\nbedeutet eine Anbindung an s\u00e4mtliche Referenz- und Datenbank-Systeme. \n        <\/p>\n      <\/div>\n    <\/section>\n    <section class=\"u-clearfix u-grey-5 u-hidden-lg u-hidden-md u-hidden-sm u-hidden-xs u-hidden-xxl u-section-5\" id=\"carousel_7c90\">\n      <div class=\"u-clearfix u-sheet u-valign-middle u-sheet-1\">\n        <img decoding=\"async\" class=\"u-expanded-width-lg u-expanded-width-md u-expanded-width-sm u-expanded-width-xl u-expanded-width-xs u-image u-image-round u-radius-10 u-image-1\" src=\"https:\/\/dev.advanced-concepts.de\/wp-content\/uploads\/2022\/11\/henrichshuette_hattingen_07_1200.png\" alt=\"\" data-image-width=\"1200\" data-image-height=\"399\">\n        <h2 class=\"u-custom-font u-text u-text-custom-color-3 u-text-default-xl u-text-default-xxl u-text-1\"><b>Feiern Sie Vertriebserfolge mit ac.PIM<\/b>\n        <\/h2>\n        <p class=\"u-text u-text-custom-color-3 u-text-2\"> Unser Product Information\nManagement ist das ideale Tool f\u00fcr die zentrale Pflege und Verwaltung von\nproduktbezogenen Daten sowie die Bereitstellung von Produktinformationen f\u00fcr\nalle Ausgabemedien. <br>\n          <br>Bereits in der Standardversion\nbietet unsere PIM-Software eine \u00fcberdurchschnittliche Funktionstiefe und frei\nkonfigurierbare Standardschnittstellen f\u00fcr Daten-Importe und -Exporte. Das\nbedeutet eine Anbindung an s\u00e4mtliche Referenz- und Datenbank-Systeme. \n        <\/p>\n      <\/div>\n    <\/section>\n    <section class=\"u-clearfix u-grey-5 u-hidden-md u-hidden-sm u-hidden-xl u-hidden-xs u-hidden-xxl u-section-6\" id=\"carousel_8eeb\">\n      <div class=\"u-clearfix u-sheet u-valign-middle u-sheet-1\">\n        <img decoding=\"async\" class=\"u-expanded-width-lg u-expanded-width-md u-expanded-width-sm u-expanded-width-xl u-expanded-width-xs u-image u-image-round u-radius-10 u-image-1\" src=\"https:\/\/dev.advanced-concepts.de\/wp-content\/uploads\/2022\/11\/henrichshuette_hattingen_07_990.png\" alt=\"\" data-image-width=\"990\" data-image-height=\"329\">\n        <h2 class=\"u-custom-font u-text u-text-custom-color-3 u-text-default-xl u-text-default-xxl u-text-1\"><b>Feiern Sie Vertriebserfolge mit ac.PIM<\/b>\n        <\/h2>\n        <p class=\"u-text u-text-custom-color-3 u-text-2\"> Unser Product Information\nManagement ist das ideale Tool f\u00fcr die zentrale Pflege und Verwaltung von\nproduktbezogenen Daten sowie die Bereitstellung von Produktinformationen f\u00fcr\nalle Ausgabemedien. <br>\n          <br>Bereits in der Standardversion\nbietet unsere PIM-Software eine \u00fcberdurchschnittliche Funktionstiefe und frei\nkonfigurierbare Standardschnittstellen f\u00fcr Daten-Importe und -Exporte. Das\nbedeutet eine Anbindung an s\u00e4mtliche Referenz- und Datenbank-Systeme. \n        <\/p>\n      <\/div>\n    <\/section>\n    <section class=\"u-clearfix u-grey-5 u-hidden-lg u-hidden-xl u-hidden-xxl u-section-7\" id=\"carousel_921b\">\n      <div class=\"u-clearfix u-sheet u-valign-middle-sm u-valign-middle-xs u-sheet-1\">\n        <img decoding=\"async\" class=\"u-expanded-width-md u-expanded-width-sm u-expanded-width-xs u-image u-image-round u-radius-10 u-image-1\" src=\"https:\/\/dev.advanced-concepts.de\/wp-content\/uploads\/2022\/11\/orange.jpg\" alt=\"\" data-image-width=\"97\" data-image-height=\"98\">\n        <h2 class=\"u-custom-font u-text u-text-custom-color-3 u-text-default-lg u-text-default-xl u-text-default-xxl u-text-1\"><b>Feiern Sie Vertriebserfolge mit ac.PIM<\/b>\n        <\/h2>\n        <p class=\"u-text u-text-custom-color-3 u-text-2\"> Unser Product Information\nManagement ist das ideale Tool f\u00fcr die zentrale Pflege und Verwaltung von\nproduktbezogenen Daten sowie die Bereitstellung von Produktinformationen f\u00fcr\nalle Ausgabemedien. <br>\n          <br>Bereits in der Standardversion\nbietet unsere PIM-Software eine \u00fcberdurchschnittliche Funktionstiefe und frei\nkonfigurierbare Standardschnittstellen f\u00fcr Daten-Importe und -Exporte. Das\nbedeutet eine Anbindung an s\u00e4mtliche Referenz- und Datenbank-Systeme.\n        <\/p>\n      <\/div>\n    <\/section>\n    <section class=\"u-clearfix u-grey-5 u-section-8\" id=\"carousel_0a38\">\n      <div class=\"u-clearfix u-sheet u-valign-middle-lg u-valign-middle-md u-valign-middle-xl u-valign-middle-xxl u-sheet-1\">\n        <p class=\"u-text u-text-custom-color-3 u-text-1\"> Optimieren Sie Ihr Stammdatenmanagement und Ihre Produktdatenpflege\nmit der Klassifikation Ihrer Daten. Unabh\u00e4ngig davon, ob Sie eine Standard-\noder Hausklassifizierung einsetzen. <br>\n          <br>F\u00fcr die Klassifikation von Produkten gibt es verschiedene Standards\nwie zum Beispiel ETIM. Ein Austausch von Produktdaten mit Kunden, Lieferanten\nund Partnern funktioniert nur mit den am Markt g\u00e4ngigen Standards. <br>\n          <br>F\u00fcr diese Aufgaben ist das entsprechende Tool im ac.PIM\nbereits enthalten! \n        <\/p>\n      <\/div>\n    <\/section>\n    <section class=\"u-clearfix u-grey-5 u-section-9\" id=\"sec-d7ce\">\n      <div class=\"u-clearfix u-sheet u-valign-middle-md u-sheet-1\">\n        <div class=\"u-container-style u-custom-color-3 u-expanded-width-lg u-expanded-width-md u-expanded-width-sm u-expanded-width-xs u-group u-radius-10 u-shape-round u-group-1\">\n          <div class=\"u-container-layout u-container-layout-1\">\n            <h2 class=\"u-align-center u-custom-font u-text u-text-default u-text-font u-text-white u-text-1\"> Downloads zu diesem Produkt<br>\n            <\/h2>\n            <a href=\"https:\/\/dev.advanced-concepts.de\/wp-content\/uploads\/2022\/06\/Produktdatenblatt_ac.PIM_.pdf\" class=\"u-align-center u-btn u-btn-round u-button-style u-file-link u-gradient u-hover-feature u-radius-50 u-text-hover-custom-color-11 u-border-none u-text-custom-color-1 u-none u-btn-1\"> ac.PIM Produktdatenblatt<\/a>\n            <a href=\"https:\/\/dev.advanced-concepts.de\/wp-content\/uploads\/2022\/06\/Systemvoraussetzungen_und_Schnittstellen.pdf\" class=\"u-align-center u-btn u-btn-round u-button-style u-file-link u-gradient u-hover-feature u-radius u-text-hover-custom-color-11 u-text-custom-color-1 u-none u-btn-2\"> Systemvoraussetzungen <br>und Schnittstellen\n            <\/a>\n          <\/div>\n        <\/div>\n        <div class=\"u-container-style u-custom-color-4 u-expanded-width-lg u-expanded-width-md u-expanded-width-sm u-expanded-width-xs u-group u-radius-10 u-shape-round u-group-2\">\n          <div class=\"u-container-layout u-container-layout-2\">\n            <h2 class=\"u-custom-font u-text u-text-custom-color-3 u-text-default-xxl u-text-font u-text-2\"><b>Ihre Produktvorteile mit ac.PIM<\/b>\n            <\/h2>\n            <ul class=\"u-custom-font u-text u-text-custom-color-3 u-text-3\">\n              <li> Benutzer-Rechte-Verwaltung<\/li>\n              <li>Massenpflege und Vererbung<br>\n              <\/li>\n              <li> Benutzeroberfl\u00e4che konfigurierbar und mehrsprachig<\/li>\n              <li> Validierungsm\u00f6glichkeit mittels Pr\u00fcfungen<\/li>\n              <li>Statusbasierte\nWorkflowsteuerung<\/li>\n              <li> Import-, Export-Schnittstelle z.B. zu ERP-Systemen<\/li>\n              <li>ac.KATbridge - Katalogproduktion mittels InDesign<\/li>\n              <li>ac.PIMk-tool integriert (ETIM, e-Class etc. oder Hausklassifizierung)<\/li>\n              <li>Derivaterstellung und automatisierbare Zuweisung von Medien<\/li>\n            <\/ul>\n            <p class=\"u-text u-text-custom-color-7 u-text-4\"><b>Ist eine von Ihnen gew\u00fcnschte L\u00f6sung bei dieser\nAufz\u00e4hlung nicht dabei? Bitte sprechen Sie uns an \u2013 wir unterst\u00fctzen Sie auch\nbei vielen weiteren Anforderungen Ihres Datenmanagements.<\/b>\n            <\/p>\n          <\/div>\n        <\/div>\n        <div class=\"u-container-style u-expanded-width-sm u-expanded-width-xs u-group u-shape-rectangle u-group-3\">\n          <div class=\"u-container-layout u-container-layout-3\">\n            <h2 class=\"u-text u-text-custom-color-3 u-text-default u-text-5\">ac.PIM - Stammdatenpflege<br>\n            <\/h2>\n            <img decoding=\"async\" class=\"u-image u-image-default u-image-1\" src=\"https:\/\/dev.advanced-concepts.de\/wp-content\/uploads\/2021\/11\/pim_oberflche_klassifizierung.png\" alt=\"\" data-image-width=\"558\" data-image-height=\"294\">\n          <\/div>\n        <\/div>\n        <div class=\"u-container-style u-expanded-width-sm u-expanded-width-xs u-group u-shape-rectangle u-group-4\">\n          <div class=\"u-container-layout u-container-layout-4\">\n            <h2 class=\"u-text u-text-custom-color-3 u-text-default u-text-font u-text-6\">ac.PIM - Medienpflege<br>\n            <\/h2>\n            <img decoding=\"async\" class=\"u-image u-image-default u-image-2\" src=\"https:\/\/dev.advanced-concepts.de\/wp-content\/uploads\/2021\/11\/pim_oberflche_medien.png\" alt=\"\" data-image-width=\"558\" data-image-height=\"294\">\n          <\/div>\n        <\/div>\n      <\/div>\n      \n      \n    <\/section>\n    <section class=\"u-clearfix u-grey-5 u-hidden-lg u-hidden-md u-hidden-sm u-hidden-xs u-hidden-xxl u-section-10\" id=\"carousel_3689\">\n      <div class=\"u-clearfix u-sheet u-valign-middle u-sheet-1\">\n        <img decoding=\"async\" class=\"u-expanded-width u-image u-image-round u-radius-10 u-image-1\" src=\"https:\/\/dev.advanced-concepts.de\/wp-content\/uploads\/2022\/11\/was_ist_pxm_2_1200.png\" alt=\"\" data-image-width=\"1200\" data-image-height=\"399\">\n        <h2 class=\"u-text u-text-custom-color-3 u-text-font u-text-1\"><b><b>Was\nist<\/b> PXM? <!--[if !supportAnnotations]--><!--[endif]--><!--[if !supportAnnotations]--><!--[endif]--><!--[if !supportAnnotations]--><!--[endif]--><\/b><!--[if !supportAnnotations]--><!--[endif]--><!--[if !supportAnnotations]--><!--[endif]--><!--[if !supportAnnotations]--><!--[endif]-->\n        <\/h2>\n        <p class=\"u-text u-text-custom-color-1 u-text-2\"> PXM ist die Abk\u00fcrzung f\u00fcr Product Experience Management und bedeutet,\ndass eine produktbezogene Darstellung der Customer Experience generiert wird.\nDenn es gilt, die Verbindung zwischen den Produkten und den Kunden zu st\u00e4rken.\nDas zukunftsweisende Managementsystem ist die Weiterentwicklung und\naktualisierte Version unseres PIM-Systems. Es sorgt f\u00fcr die Verbesserung des\nWorkflows sowie f\u00fcr mehr Individualit\u00e4t und Personalisierung von\nProduktinformationen. Durch PXM wird in Online-Ausgabekan\u00e4len das\nNutzererlebnis (UX) gesteigert. <\/p>\n      <\/div>\n    <\/section>\n    <section class=\"u-clearfix u-grey-5 u-hidden-md u-hidden-sm u-hidden-xl u-hidden-xs u-hidden-xxl u-section-11\" id=\"carousel_332a\">\n      <div class=\"u-clearfix u-sheet u-valign-middle-xl u-valign-middle-xxl u-sheet-1\">\n        <img decoding=\"async\" class=\"u-expanded-width u-image u-image-round u-radius-10 u-image-1\" src=\"https:\/\/dev.advanced-concepts.de\/wp-content\/uploads\/2022\/11\/was_ist_pxm_2_990.png\" alt=\"\" data-image-width=\"990\" data-image-height=\"329\">\n        <h2 class=\"u-text u-text-custom-color-3 u-text-font u-text-1\"><b><b>Was\nist<\/b> PXM? <!--[if !supportAnnotations]--><!--[endif]--><!--[if !supportAnnotations]--><!--[endif]--><!--[if !supportAnnotations]--><!--[endif]--><\/b><!--[if !supportAnnotations]--><!--[endif]--><!--[if !supportAnnotations]--><!--[endif]--><!--[if !supportAnnotations]--><!--[endif]-->\n        <\/h2>\n        <p class=\"u-text u-text-custom-color-1 u-text-2\"> PXM ist die Abk\u00fcrzung f\u00fcr Product Experience Management und bedeutet,\ndass eine produktbezogene Darstellung der Customer Experience generiert wird.\nDenn es gilt, die Verbindung zwischen den Produkten und den Kunden zu st\u00e4rken.\nDas zukunftsweisende Managementsystem ist die Weiterentwicklung und\naktualisierte Version unseres PIM-Systems. Es sorgt f\u00fcr die Verbesserung des\nWorkflows sowie f\u00fcr mehr Individualit\u00e4t und Personalisierung von\nProduktinformationen. Durch PXM wird in Online-Ausgabekan\u00e4len das\nNutzererlebnis (UX) gesteigert. <\/p>\n      <\/div>\n    <\/section>\n    <section class=\"u-clearfix u-grey-5 u-hidden-lg u-hidden-xl u-hidden-xxl u-section-12\" id=\"carousel_21d9\">\n      <div class=\"u-clearfix u-sheet u-sheet-1\">\n        <img decoding=\"async\" class=\"u-expanded-width-md u-expanded-width-sm u-expanded-width-xs u-image u-image-round u-radius-10 u-image-1\" src=\"https:\/\/dev.advanced-concepts.de\/wp-content\/uploads\/2022\/11\/orange.jpg\" alt=\"\" data-image-width=\"97\" data-image-height=\"98\">\n        <h2 class=\"u-text u-text-custom-color-3 u-text-1\"><b>Was\nist<\/b> PXM? \n        <\/h2>\n        <p class=\"u-text u-text-custom-color-3 u-text-2\"> PXM ist die Abk\u00fcrzung f\u00fcr Product Experience Management und bedeutet,\ndass eine produktbezogene Darstellung der Customer Experience generiert wird.\nDenn es gilt, die Verbindung zwischen den Produkten und den Kunden zu st\u00e4rken.\nDas zukunftsweisende Managementsystem ist die Weiterentwicklung und\naktualisierte Version unseres PIM-Systems. Es sorgt f\u00fcr die Verbesserung des\nWorkflows sowie f\u00fcr mehr Individualit\u00e4t und Personalisierung von\nProduktinformationen. Durch PXM wird in Online-Ausgabekan\u00e4len das\nNutzererlebnis (UX) gesteigert. <\/p>\n      <\/div>\n    <\/section>\n    <section class=\"u-clearfix u-grey-5 u-section-13\" id=\"sec-aad8\">\n      <div class=\"u-clearfix u-sheet u-sheet-1\"><\/div>\n    <\/section>\n    \n    \n    \n    \n    \n    \n  \n","protected":false},"excerpt":{"rendered":"<p>PIM &#8211; Product Information Management Mit der zentralen Pflege und Bereitstellung aller m\u00f6glichen Produktinformationen auf einer Plattform sorgen Sie f\u00fcr abteilungs\u00fcbergreifende Prozessoptimierung. Feiern Sie Vertriebserfolge mit ac.PIM Unser Product Information Management ist das ideale Tool f\u00fcr die zentrale Pflege und Verwaltung von produktbezogenen Daten sowie die Bereitstellung von Produktinformationen f\u00fcr alle Ausgabemedien. Bereits in der &hellip; <a href=\"https:\/\/dev.advanced-concepts.de\/en\/pim-pxm\/\" class=\"more-link\">Continue reading<span class=\"screen-reader-text\"> &#8222;PIM Software&#8220;<\/span><\/a><\/p>","protected":false},"author":2,"featured_media":0,"parent":0,"menu_order":14,"comment_status":"closed","ping_status":"closed","template":"","meta":{"footnotes":""},"class_list":["post-1543","page","type-page","status-publish","hentry"],"_links":{"self":[{"href":"https:\/\/dev.advanced-concepts.de\/en\/wp-json\/wp\/v2\/pages\/1543","targetHints":{"allow":["GET"]}}],"collection":[{"href":"https:\/\/dev.advanced-concepts.de\/en\/wp-json\/wp\/v2\/pages"}],"about":[{"href":"https:\/\/dev.advanced-concepts.de\/en\/wp-json\/wp\/v2\/types\/page"}],"author":[{"embeddable":true,"href":"https:\/\/dev.advanced-concepts.de\/en\/wp-json\/wp\/v2\/users\/2"}],"replies":[{"embeddable":true,"href":"https:\/\/dev.advanced-concepts.de\/en\/wp-json\/wp\/v2\/comments?post=1543"}],"version-history":[{"count":66,"href":"https:\/\/dev.advanced-concepts.de\/en\/wp-json\/wp\/v2\/pages\/1543\/revisions"}],"predecessor-version":[{"id":6009,"href":"https:\/\/dev.advanced-concepts.de\/en\/wp-json\/wp\/v2\/pages\/1543\/revisions\/6009"}],"wp:attachment":[{"href":"https:\/\/dev.advanced-concepts.de\/en\/wp-json\/wp\/v2\/media?parent=1543"}],"curies":[{"name":"wp","href":"https:\/\/api.w.org\/{rel}","templated":true}]}}