{"id":1579,"date":"2021-10-11T11:50:43","date_gmt":"2021-10-11T09:50:43","guid":{"rendered":"https:\/\/advanced-concepts.de\/?page_id=1579"},"modified":"2026-02-24T09:45:11","modified_gmt":"2026-02-24T08:45:11","slug":"katbridge","status":"publish","type":"page","link":"https:\/\/dev.advanced-concepts.de\/en\/katbridge\/","title":{"rendered":"KATbridge"},"content":{"rendered":"<section class=\"u-clearfix u-grey-5 u-section-2\" id=\"sec-8c2e\">\n      <div class=\"u-clearfix u-sheet u-sheet-1\">\n        <img decoding=\"async\" class=\"u-expanded-width u-image u-image-round u-radius-10 u-image-1\" src=\"https:\/\/dev.advanced-concepts.de\/wp-content\/uploads\/2022\/11\/blau.jpg\" alt=\"\" data-image-width=\"97\" data-image-height=\"98\">\n        <h1 class=\"u-text u-text-default u-title u-text-1\">ac.KATbridge<\/h1>\n      <\/div>\n    <\/section>\n    <section class=\"u-clearfix u-grey-5 u-section-3\" id=\"sec-8777\">\n      <div class=\"u-clearfix u-sheet u-valign-middle u-sheet-1\">\n        <p class=\"u-custom-font u-heading-font u-text u-text-custom-color-1 u-text-1\"> ac.KATbridge is the solution for automated print production and data sheet creation. Generate catalogues and price lists directly from the system.<\/p>\n      <\/div>\n    <\/section>\n    <section class=\"u-clearfix u-grey-5 u-hidden-lg u-hidden-md u-hidden-sm u-hidden-xl u-hidden-xs u-section-4\" id=\"sec-22bc\">\n      <div class=\"u-clearfix u-sheet u-sheet-1\">\n        <img decoding=\"async\" class=\"u-expanded-width u-image u-image-round u-radius-10 u-image-1\" src=\"https:\/\/dev.advanced-concepts.de\/wp-content\/uploads\/2022\/11\/henrichshuette_hattingen_10_1440.png\" alt=\"\" data-image-width=\"1440\" data-image-height=\"1089\">\n        <h2 class=\"u-custom-font u-text u-text-custom-color-1 u-text-1\"> The perfect tool for offline marketing: ac.KATbridge<\/h2>\n        <p class=\"u-text u-text-custom-color-1 u-text-2\"> Requirements have also changed in the area of analogue publications: Today, customised price lists and partial catalogues for the most diverse markets and target groups are to be produced fully automatically.<br>\n          <br>With ac.KATbridge, data sheet creation with selected product data from the PIM database is also fully automated. Catalogues, price lists, brochures, flyers, blister cards and data sheets can also be created automatically using the software.<br>\n          <br>ac.KATbridge is the interface between ac.PIM and your layout templates designed in Adobe\u00ae InDesign. Your layout templates are designed directly in InDesign. The basis is Adobe\u00ae InDesign for MS Windows.\n        <\/p>\n      <\/div>\n    <\/section>\n    <section class=\"u-clearfix u-grey-5 u-hidden-md u-hidden-sm u-hidden-xl u-hidden-xs u-hidden-xxl u-section-5\" id=\"carousel_a3cd\">\n      <div class=\"u-clearfix u-sheet u-valign-middle-xl u-valign-middle-xxl u-sheet-1\">\n        <img decoding=\"async\" class=\"u-expanded-width u-image u-image-round u-radius-10 u-image-1\" src=\"https:\/\/dev.advanced-concepts.de\/wp-content\/uploads\/2022\/11\/henrichshuette_hattingen_10_990.png\" alt=\"\" data-image-width=\"990\" data-image-height=\"749\">\n        <h2 class=\"u-custom-font u-text u-text-custom-color-1 u-text-1\"> The perfect tool for offline marketing: ac.KATbridge<\/h2>\n        <p class=\"u-text u-text-custom-color-1 u-text-2\"> Requirements have also changed in the area of analogue publications: Today, customised price lists and partial catalogues for the most diverse markets and target groups are to be produced fully automatically.<br>\n          <br>With ac.KATbridge, data sheet creation with selected product data from the PIM database is also fully automated. Catalogues, price lists, brochures, flyers, blister cards and data sheets can also be created automatically using the software.<br>\n          <br>ac.KATbridge is the interface between ac.PIM and your layout templates designed in Adobe\u00ae InDesign. Your layout templates are designed directly in InDesign. The basis is Adobe\u00ae InDesign for MS Windows.\n        <\/p>\n      <\/div>\n    <\/section>\n    <section class=\"u-clearfix u-grey-5 u-hidden-lg u-hidden-md u-hidden-sm u-hidden-xs u-hidden-xxl u-section-6\" id=\"carousel_45f2\">\n      <div class=\"u-clearfix u-sheet u-valign-middle-xxl u-sheet-1\">\n        <img decoding=\"async\" class=\"u-expanded-width u-image u-image-round u-radius-10 u-image-1\" src=\"https:\/\/dev.advanced-concepts.de\/wp-content\/uploads\/2022\/11\/henrichshuette_hattingen_10_1200.png\" alt=\"\" data-image-width=\"1200\" data-image-height=\"908\">\n        <h2 class=\"u-custom-font u-text u-text-custom-color-1 u-text-1\"> The perfect tool for offline marketing: ac.KATbridge<\/h2>\n        <p class=\"u-text u-text-custom-color-1 u-text-2\"> Requirements have also changed in the area of analogue publications: Today, customised price lists and partial catalogues for the most diverse markets and target groups are to be produced fully automatically.<br>\n          <br>With ac.KATbridge, data sheet creation with selected product data from the PIM database is also fully automated. Catalogues, price lists, brochures, flyers, blister cards and data sheets can also be created automatically using the software.<br>\n          <br>ac.KATbridge is the interface between ac.PIM and your layout templates designed in Adobe\u00ae InDesign. Your layout templates are designed directly in InDesign. The basis is Adobe\u00ae InDesign for MS Windows.\n        <\/p>\n      <\/div>\n    <\/section>\n    <section class=\"u-clearfix u-grey-5 u-hidden-lg u-hidden-xl u-hidden-xxl u-section-7\" id=\"carousel_1529\">\n      <div class=\"u-clearfix u-sheet u-valign-middle-md u-valign-middle-sm u-sheet-1\">\n        <img decoding=\"async\" class=\"u-expanded-width-md u-expanded-width-sm u-expanded-width-xs u-image u-image-round u-radius-10 u-image-1\" src=\"https:\/\/dev.advanced-concepts.de\/wp-content\/uploads\/2022\/11\/orange.jpg\" alt=\"\" data-image-width=\"97\" data-image-height=\"98\">\n        <h2 class=\"u-custom-font u-text u-text-custom-color-1 u-text-default-lg u-text-default-md u-text-default-xl u-text-default-xxl u-text-1\"> The perfect tool for offline marketing: ac.KATbridge<\/h2>\n        <p class=\"u-text u-text-custom-color-1 u-text-2\"> Requirements have also changed in the area of analogue publications: Today, customised price lists and partial catalogues for the most diverse markets and target groups are to be produced fully automatically.<br>\n          <br>With ac.KATbridge, data sheet creation with selected product data from the PIM database is also fully automated. Catalogues, price lists, brochures, flyers, blister cards and data sheets can also be created automatically using the software.<br>\n          <br>ac.KATbridge is the interface between ac.PIM and your layout templates designed in Adobe\u00ae InDesign. Your layout templates are designed directly in InDesign. The basis is Adobe\u00ae InDesign for MS Windows.\n        <\/p>\n      <\/div>\n    <\/section>\n    <section class=\"u-clearfix u-grey-5 u-section-8\" id=\"sec-202f\">\n      <div class=\"u-clearfix u-sheet u-valign-middle u-sheet-1\">\n        <p class=\"u-text u-text-custom-color-1 u-text-1\"> Your advantage: Customers can become aware of your product in a print medium and then obtain further information via the internet - which is of course perfectly prepared and user-oriented by our ac software.<\/p>\n      <\/div>\n    <\/section>\n    <section class=\"u-clearfix u-grey-5 u-section-9\" id=\"sec-4baf\">\n      <div class=\"u-clearfix u-sheet u-sheet-1\">\n        <div class=\"u-container-style u-custom-color-1 u-expanded-width-lg u-expanded-width-md u-expanded-width-sm u-expanded-width-xs u-group u-radius-10 u-shape-round u-group-1\">\n          <div class=\"u-container-layout u-container-layout-1\">\n            <h2 class=\"u-align-center u-text u-text-white u-text-1\"> Downloads for this product<br>\n            <\/h2>\n            <a href=\"https:\/\/dev.advanced-concepts.de\/wp-content\/uploads\/2022\/06\/Produktdatenblatt_ac.KATbridge-1.pdf\" class=\"u-align-center u-btn u-btn-round u-button-style u-file-link u-gradient u-hover-feature u-radius-50 u-text-hover-custom-color-11 u-border-none u-text-custom-color-1 u-none u-btn-1\"> ac.KATbridge Product Data Sheet<\/a>\n            <a href=\"https:\/\/dev.advanced-concepts.de\/wp-content\/uploads\/2022\/06\/Systemvoraussetzungen_und_Schnittstellen.pdf\" class=\"u-align-center u-btn u-btn-round u-button-style u-file-link u-gradient u-hover-feature u-radius-50 u-text-hover-custom-color-11 u-border-none u-text-custom-color-1 u-none u-btn-2\"> Systemvoraussetzungen und <br>Schnittstellen\n            <\/a>\n          <\/div>\n        <\/div>\n        <div class=\"u-container-style u-custom-color-4 u-expanded-width-lg u-expanded-width-md u-expanded-width-sm u-expanded-width-xs u-group u-radius-10 u-shape-round u-group-2\">\n          <div class=\"u-container-layout u-valign-top u-container-layout-2\">\n            <h2 class=\"u-text u-text-custom-color-1 u-text-default-lg u-text-default-md u-text-default-sm u-text-default-xl u-text-default-xxl u-text-2\"> Your product advantages with ac.KATbridge<\/h2>\n            <ul class=\"u-custom-font u-text u-text-custom-color-1 u-text-3\">\n              <li> Creation of layout templates in InDesign by the user - Use all functionalities of InDesign<\/li>\n              <li>Simple linking of your database contents with the layout templates via drag &amp; drop<\/li>\n              <li>Rule-based templates to control the output of even complex layouts<\/li>\n              <li>Easy creation of language variants of your publications<\/li>\n              <li>Subsequent updating of individual data fields in already created publications with a few work steps without having to recreate the entire publication<\/li>\n            <\/ul>\n            <p class=\"u-text u-text-custom-color-7 u-text-4\"> Is a solution you require not included in this list? Please contact us - we can also support you with many other data management requirements.<\/p>\n          <\/div>\n        <\/div>\n        <div class=\"u-container-style u-expanded-width-sm u-expanded-width-xs u-group u-shape-rectangle u-group-3\">\n          <div class=\"u-container-layout u-container-layout-3\">\n            <h2 class=\"u-text u-text-custom-color-1 u-text-default-lg u-text-default-md u-text-default-sm u-text-default-xl u-text-default-xxl u-text-font u-text-5\">ac.KATbridge - feature assignment<br>\n            <\/h2>\n            <img decoding=\"async\" class=\"u-image u-image-default u-image-1\" src=\"https:\/\/dev.advanced-concepts.de\/wp-content\/uploads\/2021\/11\/katbridge_zuordnung_merkmale_per_dragdrop-1.png\" alt=\"\" data-image-width=\"558\" data-image-height=\"304\">\n          <\/div>\n        <\/div>\n        <div class=\"u-container-style u-expanded-width-sm u-expanded-width-xs u-group u-shape-rectangle u-group-4\">\n          <div class=\"u-container-layout u-container-layout-4\">\n            <h2 class=\"u-text u-text-custom-color-1 u-text-default-lg u-text-default-md u-text-default-sm u-text-default-xl u-text-default-xxl u-text-font u-text-6\">ac.KATbridge - Production process<br>\n            <\/h2>\n            <img decoding=\"async\" class=\"u-image u-image-default u-image-2\" src=\"https:\/\/dev.advanced-concepts.de\/wp-content\/uploads\/2021\/11\/katbridge_produktion-1.png\" alt=\"\" data-image-width=\"558\" data-image-height=\"305\">\n          <\/div>\n        <\/div>\n      <\/div>\n      \n      \n    <\/section>","protected":false},"excerpt":{"rendered":"<p>ac.KATbridge ac.KATbridge ist die L\u00f6sung f\u00fcr die automatisierte Printproduktion und Datenblatterstellung. Generieren Sie Kataloge und Preislisten direkt aus dem System. Das perfekte Tool f\u00fcr\u00b4s Offline-Marketing: ac.KATbridge Auch im Bereich der analog erstellten Publikationen haben sich die Anforderungen ge\u00e4ndert: So sollen heute kundenindividuelle Preislisten und Teilkataloge f\u00fcr die unterschiedlichsten M\u00e4rkte und Zielgruppen voll automatisiert produziert werden. &hellip; <a href=\"https:\/\/dev.advanced-concepts.de\/en\/katbridge\/\" class=\"more-link\">Continue reading<span class=\"screen-reader-text\"> &#8222;KATbridge&#8220;<\/span><\/a><\/p>","protected":false},"author":2,"featured_media":0,"parent":0,"menu_order":17,"comment_status":"closed","ping_status":"closed","template":"","meta":{"footnotes":""},"class_list":["post-1579","page","type-page","status-publish","hentry"],"_links":{"self":[{"href":"https:\/\/dev.advanced-concepts.de\/en\/wp-json\/wp\/v2\/pages\/1579","targetHints":{"allow":["GET"]}}],"collection":[{"href":"https:\/\/dev.advanced-concepts.de\/en\/wp-json\/wp\/v2\/pages"}],"about":[{"href":"https:\/\/dev.advanced-concepts.de\/en\/wp-json\/wp\/v2\/types\/page"}],"author":[{"embeddable":true,"href":"https:\/\/dev.advanced-concepts.de\/en\/wp-json\/wp\/v2\/users\/2"}],"replies":[{"embeddable":true,"href":"https:\/\/dev.advanced-concepts.de\/en\/wp-json\/wp\/v2\/comments?post=1579"}],"version-history":[{"count":32,"href":"https:\/\/dev.advanced-concepts.de\/en\/wp-json\/wp\/v2\/pages\/1579\/revisions"}],"predecessor-version":[{"id":6002,"href":"https:\/\/dev.advanced-concepts.de\/en\/wp-json\/wp\/v2\/pages\/1579\/revisions\/6002"}],"wp:attachment":[{"href":"https:\/\/dev.advanced-concepts.de\/en\/wp-json\/wp\/v2\/media?parent=1579"}],"curies":[{"name":"wp","href":"https:\/\/api.w.org\/{rel}","templated":true}]}}