{"id":1666,"date":"2021-10-15T15:44:33","date_gmt":"2021-10-15T13:44:33","guid":{"rendered":"https:\/\/advanced-concepts.de\/?page_id=1666"},"modified":"2026-02-24T09:44:13","modified_gmt":"2026-02-24T08:44:13","slug":"kontakt","status":"publish","type":"page","link":"https:\/\/dev.advanced-concepts.de\/en\/kontakt\/","title":{"rendered":"Contact"},"content":{"rendered":"<section class=\"u-clearfix u-grey-5 u-section-2\" id=\"sec-9331\">\n      <div class=\"u-clearfix u-sheet u-valign-middle u-sheet-1\" data-image-width=\"97\" data-image-height=\"98\">\n        <img decoding=\"async\" class=\"u-expanded-width u-image u-image-round u-radius-10 u-image-1\" src=\"https:\/\/dev.advanced-concepts.de\/wp-content\/uploads\/2022\/11\/blau.jpg\" alt=\"\" data-image-width=\"97\" data-image-height=\"98\">\n        <h1 class=\"u-text u-text-default u-title u-text-1\">Contact<\/h1>\n      <\/div>\n    <\/section>\n    <section class=\"u-clearfix u-grey-5 u-section-3\" id=\"sec-91cc\">\n      <div class=\"u-clearfix u-sheet u-valign-middle u-sheet-1\">\n        <p class=\"u-text u-text-custom-color-1 u-text-1\"> Please feel free to contact us. We would be happy to help you with our solutions.<br>\n        <\/p>\n      <\/div>\n    <\/section>\n    <section class=\"u-clearfix u-grey-5 u-hidden-lg u-hidden-md u-hidden-sm u-hidden-xl u-hidden-xs u-section-4\" id=\"sec-7dc3\">\n      <div class=\"u-clearfix u-sheet u-sheet-1\">\n        <img decoding=\"async\" class=\"u-expanded-width u-image u-image-round u-radius-10 u-image-1\" src=\"https:\/\/dev.advanced-concepts.de\/wp-content\/uploads\/2022\/11\/kontakt_1440.png\" alt=\"\" data-image-width=\"1440\" data-image-height=\"720\">\n        <p class=\"u-align-center u-text u-text-custom-color-1 u-text-1\"> Do you have\nquestions about our solutions and products? <br>How can we\nhelp you?<br>\n          <br>\n          <br>\n          <br>\n          <br>advanced concepts Ltd<br>Werksstr. 1\u200b5<br> 45527 Hattingen<br>\n          <br>marketing(at)advanced-concepts.de<br>vertrieb(at)advanced-concepts.de<br>\n          <br> +49 2324 95456-0<a href=\"https:\/\/www.google.de\/maps\/place\/Werksstra\u00dfe+15,+45527+Hattingen\" target=\"_blank \" class=\"u-active-none u-border-none u-btn u-button-style u-hover-none u-none u-text-palette-1-base u-btn-1\" rel=\"noopener\"><\/a>\n          <br>\n        <\/p>\n      <\/div>\n    <\/section>\n    <section class=\"u-clearfix u-grey-5 u-hidden-lg u-hidden-md u-hidden-sm u-hidden-xs u-hidden-xxl u-section-5\" id=\"sec-e545\">\n      <div class=\"u-clearfix u-sheet u-valign-middle-xxl u-sheet-1\">\n        <img decoding=\"async\" class=\"u-expanded-width-lg u-expanded-width-md u-expanded-width-sm u-expanded-width-xl u-expanded-width-xs u-image u-image-round u-radius-10 u-image-1\" src=\"https:\/\/dev.advanced-concepts.de\/wp-content\/uploads\/2022\/11\/kontakt_1200.png\" alt=\"\" data-image-width=\"1200\" data-image-height=\"600\">\n        <p class=\"u-align-center-lg u-align-center-md u-align-center-sm u-align-center-xl u-align-center-xs u-text u-text-custom-color-1 u-text-1\"> Do you have\nquestions about our solutions and products? \nHow can we\nhelp you?<br>\n          <br>\n          <br>\n          <br>\n          <br>advanced concepts Ltd<br>Werksstr. 1\u200b5<br> 45527 Hattingen<br>\n          <br>marketing(at)advanced-concepts.de<br>vertrieb(at)advanced-concepts.de<br>\n          <br> +49 2324 95456-0<br>\n        <\/p>\n      <\/div>\n    <\/section>\n    <section class=\"u-clearfix u-grey-5 u-hidden-md u-hidden-sm u-hidden-xl u-hidden-xs u-hidden-xxl u-section-6\" id=\"carousel_ace0\">\n      <div class=\"u-clearfix u-sheet u-valign-middle-xl u-valign-middle-xxl u-sheet-1\">\n        <img decoding=\"async\" class=\"u-expanded-width-lg u-expanded-width-md u-expanded-width-sm u-expanded-width-xs u-image u-image-round u-radius-10 u-image-1\" src=\"https:\/\/dev.advanced-concepts.de\/wp-content\/uploads\/2022\/11\/kontakt_990-1.png\" alt=\"\" data-image-width=\"990\" data-image-height=\"495\">\n        <p class=\"u-align-center-lg u-align-center-md u-align-center-sm u-align-center-xs u-text u-text-custom-color-1 u-text-1\"> Do you have\nquestions about our solutions and products? \nHow can we\nhelp you?<br>\n          <br>\n          <br>\n          <br>\n          <br>advanced concepts Ltd<br>Werksstr. 1\u200b5<br> 45527 Hattingen<br>\n          <br>marketing(at)advanced-concepts.de<br>vertrieb(at)advanced-concepts.de<br>\n          <br> +49 2324 95456-0<a href=\"https:\/\/www.google.de\/maps\/place\/Werksstra\u00dfe+15,+45527+Hattingen\" target=\"_blank \" class=\"u-active-none u-border-none u-btn u-button-style u-hover-none u-none u-text-palette-1-base u-btn-1\" rel=\"noopener\"><\/a>\n          <br>\n        <\/p>\n      <\/div>\n    <\/section>\n    <section class=\"u-clearfix u-grey-5 u-hidden-lg u-hidden-xl u-hidden-xxl u-section-7\" id=\"sec-2ae7\">\n      <div class=\"u-clearfix u-sheet u-valign-middle-xs u-sheet-1\">\n        <img decoding=\"async\" class=\"u-expanded-width-md u-expanded-width-sm u-expanded-width-xs u-image u-image-round u-radius-10 u-image-1\" src=\"https:\/\/dev.advanced-concepts.de\/wp-content\/uploads\/2022\/11\/kontakt_rest.png\" alt=\"\" data-image-width=\"596\" data-image-height=\"600\">\n        <p class=\"u-align-center-md u-align-center-sm u-align-center-xs u-text u-text-custom-color-1 u-text-1\"> Do you have\nquestions about our solutions and products? \nHow can we\nhelp you?<br>\n          <br>\n          <br>\n          <br>\n          <br>\n          <br>advanced concepts Ltd<br>Werksstr. 1\u200b5<br> 45527 Hattingen<br>\n          <br>marketing(at)advanced-concepts.de<br>vertrieb(at)advanced-concepts.de<br>\n          <br> +49 2324 95456-0<a href=\"https:\/\/www.google.de\/maps\/place\/Werksstra\u00dfe+15,+45527+Hattingen\" target=\"_blank \" class=\"u-active-none u-border-none u-btn u-button-style u-hover-none u-none u-text-palette-1-base u-btn-1\" rel=\"noopener\"><\/a>\n          <br>\n        <\/p>\n      <\/div>\n    <\/section>\n    <section class=\"u-clearfix u-grey-5 u-section-8\" id=\"sec-04f3\">\n      <div class=\"u-clearfix u-sheet u-sheet-1\"><\/div>\n    <\/section>","protected":false},"excerpt":{"rendered":"<p>Kontakt Treten Sie gerne mit uns in Kontakt. Wir freuen uns, wenn wir Ihnen mit unseren L\u00f6sungen weiterhelfen. Haben Sie Fragen zu unseren L\u00f6sungen und Produkten? Wie k\u00f6nnen wir Ihnen helfen? advanced concepts GmbHWerksstr. 1\u200b5 45527 Hattingen marketing(at)advanced-concepts.devertrieb(at)advanced-concepts.de +49 2324 95456-0 Haben Sie Fragen zu unseren L\u00f6sungen und Produkten? Wie k\u00f6nnen wir Ihnen helfen? advanced &hellip; <a href=\"https:\/\/dev.advanced-concepts.de\/en\/kontakt\/\" class=\"more-link\">Continue reading<span class=\"screen-reader-text\"> &#8222;Kontakt&#8220;<\/span><\/a><\/p>","protected":false},"author":2,"featured_media":0,"parent":0,"menu_order":26,"comment_status":"closed","ping_status":"closed","template":"","meta":{"footnotes":""},"class_list":["post-1666","page","type-page","status-publish","hentry"],"_links":{"self":[{"href":"https:\/\/dev.advanced-concepts.de\/en\/wp-json\/wp\/v2\/pages\/1666","targetHints":{"allow":["GET"]}}],"collection":[{"href":"https:\/\/dev.advanced-concepts.de\/en\/wp-json\/wp\/v2\/pages"}],"about":[{"href":"https:\/\/dev.advanced-concepts.de\/en\/wp-json\/wp\/v2\/types\/page"}],"author":[{"embeddable":true,"href":"https:\/\/dev.advanced-concepts.de\/en\/wp-json\/wp\/v2\/users\/2"}],"replies":[{"embeddable":true,"href":"https:\/\/dev.advanced-concepts.de\/en\/wp-json\/wp\/v2\/comments?post=1666"}],"version-history":[{"count":25,"href":"https:\/\/dev.advanced-concepts.de\/en\/wp-json\/wp\/v2\/pages\/1666\/revisions"}],"predecessor-version":[{"id":2797,"href":"https:\/\/dev.advanced-concepts.de\/en\/wp-json\/wp\/v2\/pages\/1666\/revisions\/2797"}],"wp:attachment":[{"href":"https:\/\/dev.advanced-concepts.de\/en\/wp-json\/wp\/v2\/media?parent=1666"}],"curies":[{"name":"wp","href":"https:\/\/api.w.org\/{rel}","templated":true}]}}