{"id":1730,"date":"2021-10-25T09:39:00","date_gmt":"2021-10-25T07:39:00","guid":{"rendered":"https:\/\/advanced-concepts.de\/?page_id=1730"},"modified":"2026-02-24T09:44:51","modified_gmt":"2026-02-24T08:44:51","slug":"infos-und-downloads","status":"publish","type":"page","link":"https:\/\/dev.advanced-concepts.de\/en\/infos-und-downloads\/","title":{"rendered":"Informations and downloads"},"content":{"rendered":"<section class=\"u-clearfix u-grey-5 u-section-2\" id=\"sec-3048\">\n      <div class=\"u-clearfix u-image-round u-radius-10 u-sheet u-valign-middle-xxl u-sheet-1\" data-image-width=\"97\" data-image-height=\"98\">\n        <img decoding=\"async\" class=\"u-expanded-width-lg u-expanded-width-md u-expanded-width-sm u-expanded-width-xl u-expanded-width-xs u-image u-image-round u-radius-10 u-image-1\" src=\"https:\/\/dev.advanced-concepts.de\/wp-content\/uploads\/2022\/11\/blau.jpg\" alt=\"\" data-image-width=\"97\" data-image-height=\"98\">\n        <h1 class=\"u-text u-title u-text-1\">Informations and downloads<br>\n        <\/h1>\n      <\/div>\n    <\/section>\n    <section class=\"u-clearfix u-grey-5 u-section-3\" id=\"sec-12c7\">\n      <div class=\"u-clearfix u-sheet u-valign-middle-lg u-valign-middle-md u-valign-middle-sm u-valign-middle-xl u-valign-middle-xxl u-sheet-1\">\n        <p class=\"u-text u-text-custom-color-1 u-text-1\"> Our software is \"Made in Germany\" and all programmers are on site and approachable. Even in its standard version, our PIM software offers above-average functional depth and freely configurable standard interfaces for data imports and exports. This means a connection to all reference and database systems. <br>\n        <\/p>\n      <\/div>\n    <\/section>\n    <section class=\"u-clearfix u-grey-5 u-hidden-lg u-hidden-md u-hidden-sm u-hidden-xl u-hidden-xs u-section-4\" id=\"sec-f2b0\">\n      <div class=\"u-clearfix u-image-round u-radius-10 u-sheet u-sheet-1\" data-image-width=\"1440\" data-image-height=\"479\">\n        <img decoding=\"async\" class=\"u-expanded-width u-image u-image-round u-radius-10 u-image-1\" src=\"https:\/\/dev.advanced-concepts.de\/wp-content\/uploads\/2022\/11\/informationen_1440.png\" alt=\"\" data-image-width=\"1440\" data-image-height=\"479\">\n        <a href=\"https:\/\/dev.advanced-concepts.de\/wp-content\/uploads\/2026\/02\/Produktdatenblatt_ac.PIM_.pdf\" class=\"u-border-2 u-border-grey-75 u-btn u-btn-round u-button-style u-file-link u-gradient u-hover-feature u-radius-50 u-text-hover-grey-30 u-text-white u-none u-btn-1\" target=\"_blank\"> ac.PIM <br>Product data sheet\n        <\/a>\n        <a href=\"https:\/\/dev.advanced-concepts.de\/wp-content\/uploads\/2026\/02\/Produktdatenblatt_ac.PIMktool.pdf\" class=\"u-border-2 u-border-grey-75 u-btn u-btn-round u-button-style u-file-link u-gradient u-hover-feature u-radius-50 u-text-hover-grey-30 u-text-white u-none u-btn-2\" target=\"_blank\"> ac.PIMk-tool <br>Product data sheet\n        <\/a>\n        <a href=\"https:\/\/dev.advanced-concepts.de\/wp-content\/uploads\/2026\/02\/Produktdatenblatt_acKATbridge.pdf\" class=\"u-border-2 u-border-grey-75 u-btn u-btn-round u-button-style u-file-link u-gradient u-hover-custom-color-11 u-hover-feature u-radius-50 u-text-hover-grey-30 u-text-white u-none u-btn-3\" target=\"_blank\"> ac.\u200bKATbridge <br>Product data sheet\n        <\/a>\n        <a href=\"https:\/\/dev.advanced-concepts.de\/wp-content\/uploads\/2026\/02\/Produktdatenblatt_ac.TRANSLATE.pdf\" class=\"u-border-2 u-border-grey-75 u-btn u-btn-round u-button-style u-file-link u-gradient u-hover-feature u-radius-50 u-text-hover-grey-30 u-text-white u-none u-btn-4\" target=\"_blank\"> ac.\u200bTranslate <br>Product data sheet\n        <\/a>\n        <a href=\"https:\/\/dev.advanced-concepts.de\/wp-content\/uploads\/2026\/02\/WartungSupport.pdf\" class=\"u-border-2 u-border-grey-75 u-btn u-btn-round u-button-style u-file-link u-gradient u-hover-feature u-radius-50 u-text-hover-grey-30 u-text-white u-none u-btn-5\" target=\"_blank\"> Maintenance and <br>support services\n        <\/a>\n      <\/div>\n      \n      \n      \n      \n      \n    <\/section>\n    <section class=\"u-clearfix u-grey-5 u-hidden-lg u-hidden-md u-hidden-sm u-hidden-xs u-hidden-xxl u-section-5\" id=\"carousel_0d39\">\n      <div class=\"u-clearfix u-image-round u-radius-10 u-sheet u-sheet-1\" data-image-width=\"1440\" data-image-height=\"479\">\n        <img decoding=\"async\" class=\"u-expanded-width u-image u-image-round u-radius-10 u-image-1\" src=\"https:\/\/dev.advanced-concepts.de\/wp-content\/uploads\/2023\/01\/informationen_1200.png\" alt=\"\" data-image-width=\"1200\" data-image-height=\"399\">\n        <a href=\"https:\/\/dev.advanced-concepts.de\/wp-content\/uploads\/2022\/06\/Produktdatenblatt_ac.PIM_.pdf\" class=\"u-border-2 u-border-grey-75 u-btn u-btn-round u-button-style u-file-link u-gradient u-hover-feature u-radius-50 u-text-hover-grey-30 u-text-white u-none u-btn-1\"> ac.PIM <br>Product data sheet\n        <\/a>\n        <a href=\"https:\/\/dev.advanced-concepts.de\/wp-content\/uploads\/2022\/06\/Produktdatenblatt_ac.PIMktool.pdf\" class=\"u-border-2 u-border-grey-75 u-btn u-btn-round u-button-style u-file-link u-gradient u-hover-feature u-radius-50 u-text-hover-grey-30 u-text-white u-none u-btn-2\"> ac.PIMk-tool <br>Product data sheet\n        <\/a>\n        <a href=\"https:\/\/dev.advanced-concepts.de\/wp-content\/uploads\/2022\/06\/Produktdatenblatt_ac.KATbridge-1.pdf\" class=\"u-border-2 u-border-grey-75 u-btn u-btn-round u-button-style u-file-link u-gradient u-hover-custom-color-11 u-hover-feature u-radius-50 u-text-hover-grey-30 u-text-white u-none u-btn-3\"> ac.\u200bKATbridge <br>Product data sheet\n        <\/a>\n        <a href=\"https:\/\/dev.advanced-concepts.de\/wp-content\/uploads\/2022\/06\/Produktdatenblatt_ac.Translate-1.pdf\" class=\"u-border-2 u-border-grey-75 u-btn u-btn-round u-button-style u-file-link u-gradient u-hover-feature u-radius-50 u-text-hover-grey-30 u-text-white u-none u-btn-4\"> ac.\u200bTranslate <br>Product data sheet\n        <\/a>\n      <\/div>\n      \n      \n      \n      \n    <\/section>\n    <section class=\"u-clearfix u-grey-5 u-hidden-md u-hidden-sm u-hidden-xl u-hidden-xs u-hidden-xxl u-section-6\" id=\"carousel_1082\">\n      <div class=\"u-clearfix u-image-round u-radius-10 u-sheet u-valign-middle-xl u-sheet-1\" data-image-width=\"1440\" data-image-height=\"479\">\n        <img decoding=\"async\" class=\"u-expanded-width u-image u-image-round u-radius-10 u-image-1\" src=\"https:\/\/dev.advanced-concepts.de\/wp-content\/uploads\/2023\/01\/informationen_990.png\" alt=\"\" data-image-width=\"990\" data-image-height=\"329\">\n        <a href=\"https:\/\/dev.advanced-concepts.de\/wp-content\/uploads\/2022\/06\/Produktdatenblatt_ac.PIM_.pdf\" class=\"u-border-2 u-border-grey-75 u-btn u-btn-round u-button-style u-file-link u-gradient u-hover-feature u-radius-50 u-text-hover-grey-30 u-text-white u-none u-btn-1\"> ac.PIM <br>Product data sheet\n        <\/a>\n        <a href=\"https:\/\/dev.advanced-concepts.de\/wp-content\/uploads\/2022\/06\/Produktdatenblatt_ac.PIMktool.pdf\" class=\"u-border-2 u-border-grey-75 u-btn u-btn-round u-button-style u-file-link u-gradient u-hover-feature u-radius-50 u-text-hover-grey-30 u-text-white u-none u-btn-2\"> ac.PIMk-tool <br>Product data sheet\n        <\/a>\n        <a href=\"https:\/\/dev.advanced-concepts.de\/wp-content\/uploads\/2022\/06\/Produktdatenblatt_ac.KATbridge-1.pdf\" class=\"u-border-2 u-border-grey-75 u-btn u-btn-round u-button-style u-file-link u-gradient u-hover-custom-color-11 u-hover-feature u-radius-50 u-text-hover-grey-30 u-text-white u-none u-btn-3\"> ac.\u200bKATbridge <br>Product data sheet\n        <\/a>\n        <a href=\"https:\/\/dev.advanced-concepts.de\/wp-content\/uploads\/2022\/06\/Produktdatenblatt_ac.Translate-1.pdf\" class=\"u-border-2 u-border-grey-75 u-btn u-btn-round u-button-style u-file-link u-gradient u-hover-feature u-radius-50 u-text-hover-grey-30 u-text-white u-none u-btn-4\"> ac.\u200bTranslate <br>Product data sheet\n        <\/a>\n      <\/div>\n      \n      \n      \n      \n    <\/section>\n    <section class=\"u-clearfix u-grey-5 u-hidden-lg u-hidden-sm u-hidden-xl u-hidden-xs u-hidden-xxl u-section-7\" id=\"carousel_3691\">\n      <div class=\"u-clearfix u-image-round u-radius-10 u-sheet u-valign-middle-lg u-valign-middle-xl u-sheet-1\" data-image-width=\"1440\" data-image-height=\"479\">\n        <img decoding=\"async\" class=\"u-expanded-width u-image u-image-round u-radius-10 u-image-1\" src=\"https:\/\/dev.advanced-concepts.de\/wp-content\/uploads\/2022\/11\/orange.jpg\" alt=\"\" data-image-width=\"97\" data-image-height=\"98\">\n        <a href=\"https:\/\/dev.advanced-concepts.de\/wp-content\/uploads\/2022\/06\/Produktdatenblatt_ac.PIM_.pdf\" class=\"u-border-2 u-border-grey-75 u-btn u-btn-round u-button-style u-file-link u-gradient u-hover-feature u-radius-50 u-text-hover-grey-30 u-text-white u-none u-btn-1\"> ac.PIM <br>Product data sheet\n        <\/a>\n        <a href=\"https:\/\/dev.advanced-concepts.de\/wp-content\/uploads\/2022\/06\/Produktdatenblatt_ac.PIMktool.pdf\" class=\"u-border-2 u-border-grey-75 u-btn u-btn-round u-button-style u-file-link u-gradient u-hover-feature u-radius-50 u-text-hover-grey-30 u-text-white u-none u-btn-2\"> ac.PIMk-tool <br>Product data sheet\n        <\/a>\n        <a href=\"https:\/\/dev.advanced-concepts.de\/wp-content\/uploads\/2022\/06\/Produktdatenblatt_ac.KATbridge-1.pdf\" class=\"u-border-2 u-border-grey-75 u-btn u-btn-round u-button-style u-file-link u-gradient u-hover-custom-color-11 u-hover-feature u-radius-50 u-text-hover-grey-30 u-text-white u-none u-btn-3\"> ac.\u200bKATbridge <br>Product data sheet\n        <\/a>\n        <a href=\"https:\/\/dev.advanced-concepts.de\/wp-content\/uploads\/2022\/06\/Produktdatenblatt_ac.Translate-1.pdf\" class=\"u-border-2 u-border-grey-75 u-btn u-btn-round u-button-style u-file-link u-gradient u-hover-feature u-radius-50 u-text-hover-grey-30 u-text-white u-none u-btn-4\"> ac.\u200bTranslate <br>Product data sheet\n        <\/a>\n      <\/div>\n      \n      \n      \n      \n    <\/section>\n    <section class=\"u-clearfix u-grey-5 u-hidden-lg u-hidden-md u-hidden-xl u-hidden-xs u-hidden-xxl u-section-8\" id=\"carousel_8487\">\n      <div class=\"u-clearfix u-image-round u-radius-10 u-sheet u-valign-middle-lg u-valign-middle-md u-valign-middle-xl u-sheet-1\" data-image-width=\"1440\" data-image-height=\"479\">\n        <img decoding=\"async\" class=\"u-expanded-width u-image u-image-round u-radius-10 u-image-1\" src=\"https:\/\/dev.advanced-concepts.de\/wp-content\/uploads\/2022\/11\/orange.jpg\" alt=\"\" data-image-width=\"97\" data-image-height=\"98\">\n        <a href=\"https:\/\/dev.advanced-concepts.de\/wp-content\/uploads\/2022\/06\/Produktdatenblatt_ac.PIM_.pdf\" class=\"u-border-2 u-border-grey-75 u-btn u-btn-round u-button-style u-file-link u-gradient u-hover-feature u-radius-50 u-text-hover-grey-30 u-text-white u-none u-btn-1\"> ac.PIM <br>Product data sheet\n        <\/a>\n        <a href=\"https:\/\/dev.advanced-concepts.de\/wp-content\/uploads\/2022\/06\/Produktdatenblatt_ac.PIMktool.pdf\" class=\"u-border-2 u-border-grey-75 u-btn u-btn-round u-button-style u-file-link u-gradient u-hover-feature u-radius-50 u-text-hover-grey-30 u-text-white u-none u-btn-2\"> ac.PIMk-tool <br>Product data sheet\n        <\/a>\n        <a href=\"https:\/\/dev.advanced-concepts.de\/wp-content\/uploads\/2022\/06\/Produktdatenblatt_ac.KATbridge-1.pdf\" class=\"u-border-2 u-border-grey-75 u-btn u-btn-round u-button-style u-file-link u-gradient u-hover-custom-color-11 u-hover-feature u-radius-50 u-text-hover-grey-30 u-text-white u-none u-btn-3\"> ac.\u200bKATbridge <br>Product data sheet\n        <\/a>\n        <a href=\"https:\/\/dev.advanced-concepts.de\/wp-content\/uploads\/2022\/06\/Produktdatenblatt_ac.Translate-1.pdf\" class=\"u-border-2 u-border-grey-75 u-btn u-btn-round u-button-style u-file-link u-gradient u-hover-feature u-radius-50 u-text-hover-grey-30 u-text-white u-none u-btn-4\"> ac.\u200bTranslate <br>Product data sheet\n        <\/a>\n      <\/div>\n      \n      \n      \n      \n    <\/section>\n    <section class=\"u-clearfix u-grey-5 u-hidden-lg u-hidden-md u-hidden-sm u-hidden-xl u-hidden-xxl u-section-9\" id=\"carousel_718c\">\n      <div class=\"u-clearfix u-image-round u-radius-10 u-sheet u-valign-middle-lg u-valign-middle-md u-valign-middle-sm u-valign-middle-xl u-sheet-1\" data-image-width=\"1440\" data-image-height=\"479\">\n        <img decoding=\"async\" class=\"u-expanded-width u-image u-image-round u-radius-10 u-image-1\" src=\"https:\/\/dev.advanced-concepts.de\/wp-content\/uploads\/2022\/11\/orange.jpg\" alt=\"\" data-image-width=\"97\" data-image-height=\"98\">\n        <a href=\"https:\/\/dev.advanced-concepts.de\/wp-content\/uploads\/2022\/06\/Produktdatenblatt_ac.PIM_.pdf\" class=\"u-border-2 u-border-grey-75 u-btn u-btn-round u-button-style u-file-link u-gradient u-hover-feature u-radius-50 u-text-hover-grey-30 u-text-white u-none u-btn-1\"> ac.PIM <br>Product data sheet\n        <\/a>\n        <a href=\"https:\/\/dev.advanced-concepts.de\/wp-content\/uploads\/2022\/06\/Produktdatenblatt_ac.PIMktool.pdf\" class=\"u-border-2 u-border-grey-75 u-btn u-btn-round u-button-style u-file-link u-gradient u-hover-feature u-radius-50 u-text-hover-grey-30 u-text-white u-none u-btn-2\"> ac.PIMk-tool <br>Product data sheet\n        <\/a>\n        <a href=\"https:\/\/dev.advanced-concepts.de\/wp-content\/uploads\/2022\/06\/Produktdatenblatt_ac.KATbridge-1.pdf\" class=\"u-border-2 u-border-grey-75 u-btn u-btn-round u-button-style u-file-link u-gradient u-hover-custom-color-11 u-hover-feature u-radius-50 u-text-hover-grey-30 u-text-white u-none u-btn-3\"> ac.\u200bKATbridge <br>Product data sheet\n        <\/a>\n        <a href=\"https:\/\/dev.advanced-concepts.de\/wp-content\/uploads\/2022\/06\/Produktdatenblatt_ac.Translate-1.pdf\" class=\"u-border-2 u-border-grey-75 u-btn u-btn-round u-button-style u-file-link u-gradient u-hover-feature u-radius-50 u-text-hover-grey-30 u-text-white u-none u-btn-4\"> ac.\u200bTranslate <br>Product data sheet\n        <\/a>\n      <\/div>\n      \n      \n      \n      \n    <\/section>\n    <section class=\"u-clearfix u-grey-5 u-section-10\" id=\"sec-16de\">\n      <div class=\"u-clearfix u-sheet u-valign-middle u-sheet-1\">\n        <p class=\"u-text u-text-custom-color-1 u-text-1\"> Our consultations\nand our service\nare extensive. In our target and actual\nand as-is analyses, we determine your individual requirements and define your\ngoals.\nWe know the way\nthere and strive for each individual for a successful PIM project.<br> New\nproduct information processes, processes of data creation and maintenance in\nand successfully initiate them in workshops is our experience of more than\nover 20 years. Our product service provides you with extensive support and is your additional\nyour additional resource when needed.&nbsp;&nbsp; \n        <\/p>\n      <\/div>\n    <\/section>","protected":false},"excerpt":{"rendered":"<p>Infos und Downloads Unsere Software ist \u201eMade in Germany\u201c und alle Programmierer sind bei uns vor Ort und ansprechbar. Schon im Standardumfang bietet unsere PIM-Software eine \u00fcberdurchschnittliche Funktionstiefe und frei konfigurierbare Standardschnittstellen f\u00fcr Daten- Importe und Exporte. Das bedeutet, eine Anbindung an s\u00e4mtliche Referenz- und Datenbank-Systeme. ac.PIM Produktdatenblatt ac.PIMk-tool Produktdatenblatt ac.\u200bKATbridge Produktdatenblatt ac.\u200bTranslate Produktdatenblatt Wartungs- &hellip; <a href=\"https:\/\/dev.advanced-concepts.de\/en\/infos-und-downloads\/\" class=\"more-link\">Continue reading<span class=\"screen-reader-text\"> &#8222;Infos und Downloads&#8220;<\/span><\/a><\/p>","protected":false},"author":2,"featured_media":0,"parent":0,"menu_order":20,"comment_status":"closed","ping_status":"closed","template":"","meta":{"footnotes":""},"class_list":["post-1730","page","type-page","status-publish","hentry"],"_links":{"self":[{"href":"https:\/\/dev.advanced-concepts.de\/en\/wp-json\/wp\/v2\/pages\/1730","targetHints":{"allow":["GET"]}}],"collection":[{"href":"https:\/\/dev.advanced-concepts.de\/en\/wp-json\/wp\/v2\/pages"}],"about":[{"href":"https:\/\/dev.advanced-concepts.de\/en\/wp-json\/wp\/v2\/types\/page"}],"author":[{"embeddable":true,"href":"https:\/\/dev.advanced-concepts.de\/en\/wp-json\/wp\/v2\/users\/2"}],"replies":[{"embeddable":true,"href":"https:\/\/dev.advanced-concepts.de\/en\/wp-json\/wp\/v2\/comments?post=1730"}],"version-history":[{"count":40,"href":"https:\/\/dev.advanced-concepts.de\/en\/wp-json\/wp\/v2\/pages\/1730\/revisions"}],"predecessor-version":[{"id":5754,"href":"https:\/\/dev.advanced-concepts.de\/en\/wp-json\/wp\/v2\/pages\/1730\/revisions\/5754"}],"wp:attachment":[{"href":"https:\/\/dev.advanced-concepts.de\/en\/wp-json\/wp\/v2\/media?parent=1730"}],"curies":[{"name":"wp","href":"https:\/\/api.w.org\/{rel}","templated":true}]}}