{"id":1921,"date":"2021-10-29T15:08:56","date_gmt":"2021-10-29T13:08:56","guid":{"rendered":"https:\/\/dev.advanced-concepts.de\/?page_id=1921"},"modified":"2026-02-24T09:44:31","modified_gmt":"2026-02-24T08:44:31","slug":"ueber-uns","status":"publish","type":"page","link":"https:\/\/dev.advanced-concepts.de\/en\/ueber-uns\/","title":{"rendered":"About us"},"content":{"rendered":"<section class=\"u-clearfix u-grey-5 u-section-2\" id=\"sec-5e2c\">\n      <div class=\"u-clearfix u-sheet u-valign-middle-lg u-valign-middle-sm u-valign-middle-xl u-valign-middle-xxl u-sheet-1\" data-image-width=\"97\" data-image-height=\"98\">\n        <img decoding=\"async\" class=\"u-expanded-width-xs u-image u-image-round u-radius-10 u-image-1\" src=\"https:\/\/dev.advanced-concepts.de\/wp-content\/uploads\/2022\/11\/blau.jpg\" alt=\"\" data-image-width=\"97\" data-image-height=\"98\">\n        <h1 class=\"u-text u-text-default u-title u-text-1\">About us<br>\n        <\/h1>\n      <\/div>\n    <\/section>\n    <section class=\"u-clearfix u-grey-5 u-section-3\" id=\"sec-2a2e\">\n      <div class=\"u-clearfix u-sheet u-valign-middle-md u-valign-middle-sm u-valign-middle-xs u-sheet-1\">\n        <p class=\"u-text u-text-custom-color-1 u-text-1\"> Where sparks once flew, innovative software solutions are created today.<br>The region with its structural change is full of ideas. It stands for innovative strength, pragmatic tackling and for the open word!\n        <\/p>\n      <\/div>\n    <\/section>\n    <section class=\"u-clearfix u-grey-5 u-hidden-lg u-hidden-md u-hidden-sm u-hidden-xl u-hidden-xs u-section-4\" id=\"sec-05f6\">\n      <div class=\"u-clearfix u-sheet u-valign-middle u-sheet-1\">\n        <img decoding=\"async\" class=\"u-expanded-width-lg u-expanded-width-md u-expanded-width-sm u-expanded-width-xl u-expanded-width-xs u-hidden-lg u-hidden-md u-hidden-sm u-hidden-xs u-hidden-xxl u-image u-image-default u-image-1\" src=\"https:\/\/dev.advanced-concepts.de\/wp-content\/uploads\/2022\/11\/unternehmen_1200.png\" alt=\"\" data-image-width=\"1200\" data-image-height=\"448\">\n        <img decoding=\"async\" class=\"u-expanded-width u-image u-image-round u-radius-10 u-image-2\" src=\"https:\/\/dev.advanced-concepts.de\/wp-content\/uploads\/2022\/11\/unternehmen_1440.png\" alt=\"\" data-image-width=\"1440\" data-image-height=\"538\">\n        <h2 class=\"u-custom-font u-text u-text-custom-color-3 u-text-1\">Your software forge in the district<br>\n        <\/h2>\n        <p class=\"u-text u-text-custom-color-1 u-text-2\"> advanced concepts Ltd was founded in the Ruhr region - also known as the Revier, Pott, Ruhrpott or Kohlenpott.<br>\n          <br>To this day, the company has remained loyal to its location and feels not only locally connected here.<br>\n          <br>The Henrichsh\u00fctte, now an LWL industrial museum, was one of the most famous ironworks in Germany and is right on our company's doorstep.\n        <\/p>\n      <\/div>\n    <\/section>\n    <section class=\"u-clearfix u-grey-5 u-hidden-lg u-hidden-md u-hidden-sm u-hidden-xs u-hidden-xxl u-section-5\" id=\"sec-bfcf\">\n      <div class=\"u-clearfix u-sheet u-valign-middle-lg u-valign-middle-md u-valign-middle-sm u-valign-middle-xl u-valign-middle-xs u-sheet-1\">\n        <img decoding=\"async\" class=\"u-expanded-width-lg u-expanded-width-md u-expanded-width-sm u-expanded-width-xl u-expanded-width-xs u-image u-image-round u-radius-10 u-image-1\" src=\"https:\/\/dev.advanced-concepts.de\/wp-content\/uploads\/2022\/11\/unternehmen_1200.png\" alt=\"\" data-image-width=\"1200\" data-image-height=\"448\">\n        <h2 class=\"u-custom-font u-text u-text-custom-color-3 u-text-1\">Your software forge in the district<br>\n        <\/h2>\n        <p class=\"u-text u-text-custom-color-1 u-text-2\"> advanced concepts Ltd was founded in the Ruhr region - also known as the Revier, Pott, Ruhrpott or Kohlenpott.<br>\n          <br>To this day, the company has remained loyal to its location and feels not only locally connected here.<br>\n          <br>The Henrichsh\u00fctte, now an LWL industrial museum, was one of the most famous ironworks in Germany and is right on our company's doorstep.\n        <\/p>\n      <\/div>\n    <\/section>\n    <section class=\"u-clearfix u-grey-5 u-hidden-md u-hidden-sm u-hidden-xl u-hidden-xs u-hidden-xxl u-section-6\" id=\"sec-3478\">\n      <div class=\"u-clearfix u-sheet u-valign-middle-lg u-valign-middle-md u-valign-middle-sm u-valign-middle-xs u-sheet-1\">\n        <img decoding=\"async\" class=\"u-expanded-width-lg u-expanded-width-md u-expanded-width-sm u-expanded-width-xs u-image u-image-round u-radius-10 u-image-1\" src=\"https:\/\/dev.advanced-concepts.de\/wp-content\/uploads\/2022\/11\/unternehmen_990.png\" alt=\"\" data-image-width=\"990\" data-image-height=\"370\">\n        <h2 class=\"u-custom-font u-text u-text-custom-color-3 u-text-1\">Your software forge in the district<br>\n        <\/h2>\n        <p class=\"u-text u-text-custom-color-1 u-text-2\"> advanced concepts Ltd was founded in the Ruhr region - also known as the Revier, Pott, Ruhrpott or Kohlenpott.<br>\n          <br>To this day, the company has remained loyal to its location and feels not only locally connected here.<br>\n          <br>The Henrichsh\u00fctte, now an LWL industrial museum, was one of the most famous ironworks in Germany and is right on our company's doorstep.\n        <\/p>\n      <\/div>\n    <\/section>\n    <section class=\"u-clearfix u-grey-5 u-hidden-lg u-hidden-xl u-hidden-xxl u-section-7\" id=\"carousel_d74d\">\n      <div class=\"u-clearfix u-sheet u-valign-middle-lg u-valign-middle-md u-valign-middle-xl u-valign-middle-xxl u-sheet-1\">\n        <img decoding=\"async\" class=\"u-expanded-width-md u-expanded-width-sm u-expanded-width-xs u-image u-image-round u-radius-10 u-image-1\" src=\"https:\/\/dev.advanced-concepts.de\/wp-content\/uploads\/2022\/11\/orange.jpg\" alt=\"\" data-image-width=\"97\" data-image-height=\"98\">\n        <h2 class=\"u-custom-font u-font-open-sans u-text u-text-custom-color-3 u-text-1\"> Your software forge in the district<\/h2>\n        <p class=\"u-text u-text-custom-color-1 u-text-2\"> advanced concepts Ltd was founded in the Ruhr region - also known as the Revier, Pott, Ruhrpott or Kohlenpott.<br>\n          <br>To this day, the company has remained loyal to its location and feels not only locally connected here.<br>\n          <br>The Henrichsh\u00fctte, now an LWL industrial museum, was one of the most famous ironworks in Germany and is right on our company's doorstep.\n        <\/p>\n      <\/div>\n    <\/section>\n    <section class=\"u-clearfix u-grey-5 u-section-8\" id=\"sec-f87a\">\n      <div class=\"u-clearfix u-sheet u-sheet-1\">\n        <p class=\"u-text u-text-custom-color-1 u-text-1\"> For over 20 years, renowned customers from a wide range of industries have relied on our standard products and successfully used our tools for data and product communication.<br>\n          <br>All our products are \"Made in Germany\" and in-house developments of our company.<br>\n          <br>Our philosophy lies in the satisfaction and profitable benefit for our customers. This goal has top priority for us. We only measure our success by this and by our efforts to always make the best out of our customers' requirements.\n        <\/p>\n      <\/div>\n    <\/section>\n    <section class=\"u-clearfix u-grey-5 u-section-9\" id=\"carousel_5544\">\n      <div class=\"u-clearfix u-sheet u-valign-middle-lg u-valign-middle-md u-valign-middle-sm u-valign-middle-xl u-valign-middle-xxl u-sheet-1\" data-image-width=\"148\" data-image-height=\"150\">\n        <img decoding=\"async\" class=\"u-expanded-width u-image u-image-round u-radius-10 u-image-1\" src=\"https:\/\/dev.advanced-concepts.de\/wp-content\/uploads\/2022\/11\/blau.jpg\" alt=\"\" data-image-width=\"97\" data-image-height=\"98\">\n        <h2 class=\"u-custom-font u-text u-text-body-alt-color u-text-default u-text-1\"> Corporate divisions<\/h2>\n      <\/div>\n    <\/section>\n    <section class=\"u-clearfix u-grey-5 u-section-10\" id=\"carousel_0f10\">\n      <div class=\"u-clearfix u-sheet u-valign-middle u-sheet-1\">\n        <p class=\"u-text u-text-custom-color-1 u-text-1\"> In our divisions you will find our own\nexperienced specialists<i><\/i>from\nthe areas of consulting, development and product service. Our know-how in the individual\nour customers achieve the best results. \n        <\/p>\n      <\/div>\n    <\/section>\n    <section class=\"u-clearfix u-grey-5 u-section-11\" id=\"carousel_278c\">\n      <div class=\"u-clearfix u-sheet u-valign-middle u-sheet-1\">\n        <p class=\"u-text u-text-custom-color-1 u-text-1\"> Hand in hand and with close shoulder to shoulder we would like to\nto work together with you!\nWe see ourselves as the link between the departments involved\ndepartments involved and make you strong for your independence.<br>What can we do for you? \n        <\/p>\n      <\/div>\n    <\/section>\n    <section class=\"u-clearfix u-grey-5 u-hidden-lg u-hidden-md u-hidden-sm u-hidden-xl u-hidden-xs u-section-12\" id=\"sec-43a4\">\n      <div class=\"u-clearfix u-sheet u-valign-middle u-sheet-1\">\n        <img decoding=\"async\" class=\"u-expanded-width u-image u-image-round u-radius-10 u-image-1\" src=\"https:\/\/dev.advanced-concepts.de\/wp-content\/uploads\/2022\/11\/unternehmen_menschen_990.jpg\" alt=\"\" data-image-width=\"990\" data-image-height=\"199\">\n      <\/div>\n    <\/section>\n    <section class=\"u-clearfix u-grey-5 u-hidden-lg u-hidden-md u-hidden-sm u-hidden-xs u-hidden-xxl u-section-13\" id=\"carousel_d84c\">\n      <div class=\"u-clearfix u-sheet u-valign-middle u-sheet-1\">\n        <img decoding=\"async\" class=\"u-expanded-width u-image u-image-round u-radius-10 u-image-1\" src=\"https:\/\/dev.advanced-concepts.de\/wp-content\/uploads\/2022\/11\/unternehmen_menschen_1200.jpg\" alt=\"\" data-image-width=\"1200\" data-image-height=\"241\">\n      <\/div>\n    <\/section>\n    <section class=\"u-clearfix u-grey-5 u-hidden-md u-hidden-sm u-hidden-xl u-hidden-xs u-hidden-xxl u-section-14\" id=\"carousel_f126\">\n      <div class=\"u-clearfix u-sheet u-valign-middle u-sheet-1\">\n        <img decoding=\"async\" class=\"u-expanded-width u-image u-image-round u-radius-10 u-image-1\" src=\"https:\/\/dev.advanced-concepts.de\/wp-content\/uploads\/2022\/11\/unternehmen_menschen_990.jpg\" alt=\"\" data-image-width=\"990\" data-image-height=\"199\">\n      <\/div>\n    <\/section>\n    <section class=\"u-clearfix u-grey-5 u-section-15\" id=\"sec-e1af\">\n      <div class=\"u-clearfix u-sheet u-valign-middle-lg u-valign-middle-md u-valign-middle-xl u-valign-middle-xxl u-sheet-1\">\n        <div class=\"u-container-style u-custom-color-1 u-expanded-width-lg u-expanded-width-md u-expanded-width-sm u-expanded-width-xs u-group u-radius-4 u-shape-round u-group-1\">\n          <div class=\"u-container-layout u-container-layout-1\">\n            <h2 class=\"u-text u-text-default u-text-white u-text-1\"><b>Software product development<\/b>\n            <\/h2>\n            <p class=\"u-text u-text-white u-text-2\"> We rely\non standard products \"Made in Germany\". \nNew\nproduct developments are based on market and\nuser requirements.\u00a0 The technologies\nare tried and tested and up-to-date. We develop individual solutions on the basis\non the basis of our standard products and can thus offer you attractive\nfor you.&nbsp; <span style=\"font-weight: 700;\"><\/span>\n              <br>\n              <br>\n            <\/p>\n          <\/div>\n        <\/div>\n        <div class=\"u-container-style u-custom-color-4 u-expanded-width-lg u-expanded-width-md u-expanded-width-sm u-expanded-width-xs u-group u-radius-4 u-shape-round u-group-2\">\n          <div class=\"u-container-layout u-container-layout-2\">\n            <h2 class=\"u-custom-font u-text u-text-custom-color-1 u-text-default u-text-font u-text-3\"> Consulting and software sales <\/h2>\n            <p class=\"u-text u-text-custom-color-3 u-text-4\"> The goal of our process consulting is to realise time and cost advantages. \nOptimised\nprocesses increase the productivity of media production by up to 75%. \nBut the\ntechnological productivity gain is overestimated if the processes are not optimised!\noptimised! \n \nThe\npresentation of our solutions is always customised to meet your\nrequirements and goals. We prepare our offers on the basis of\ntransparent price lists and are always comprehensible for you. <\/p>\n          <\/div>\n        <\/div>\n      <\/div>\n    <\/section>\n    <section class=\"u-clearfix u-grey-5 u-section-16\" id=\"carousel_9a1d\">\n      <div class=\"u-clearfix u-image-round u-radius-10 u-sheet u-valign-middle-lg u-valign-middle-md u-valign-middle-xl u-valign-middle-xxl u-sheet-1\" data-image-width=\"97\" data-image-height=\"98\">\n        <img decoding=\"async\" class=\"u-expanded-width u-image u-image-round u-radius-10 u-image-1\" src=\"https:\/\/dev.advanced-concepts.de\/wp-content\/uploads\/2022\/11\/blau.jpg\" alt=\"\" data-image-width=\"97\" data-image-height=\"98\">\n        <h2 class=\"u-custom-font u-text u-text-body-alt-color u-text-default u-text-1\"><b>Product service<\/b>\n        <\/h2>\n      <\/div>\n    <\/section>\n    <section class=\"u-clearfix u-grey-5 u-section-17\" id=\"sec-87d3\">\n      <div class=\"u-clearfix u-sheet u-valign-middle-lg u-valign-middle-xs u-sheet-1\">\n        <div class=\"u-container-style u-custom-color-4 u-expanded-width-lg u-expanded-width-md u-expanded-width-sm u-expanded-width-xs u-group u-radius-4 u-shape-round u-group-1\">\n          <div class=\"u-container-layout u-valign-top-lg u-valign-top-md u-valign-top-sm u-valign-top-xs u-container-layout-1\">\n            <h2 class=\"u-custom-font u-text u-text-custom-color-1 u-text-default u-text-font u-text-1\"> Project management &nbsp; <\/h2>\n            <p class=\"u-text u-text-custom-color-3 u-text-2\"> Good planning\nand control mean success and security for your project.\u00a0 The introduction of a PIM system is more than\nthe implementation of a software solution. <\/p>\n          <\/div>\n        <\/div>\n        <div class=\"u-container-style u-custom-color-1 u-expanded-width-lg u-expanded-width-md u-expanded-width-sm u-expanded-width-xs u-group u-radius-4 u-shape-round u-group-2\">\n          <div class=\"u-container-layout u-container-layout-2\">\n            <h2 class=\"u-custom-font u-text u-text-default u-text-font u-text-white u-text-3\"> Media design&nbsp; <\/h2>\n            <p class=\"u-text u-text-white u-text-4\"> The design diversity of our customers' printed publications is\nconsiderable and represents the flexibility of the software. Catalogue design is\nmore than creativity - information belongs in the right place. <\/p>\n          <\/div>\n        <\/div>\n        <div class=\"u-container-style u-custom-color-1 u-expanded-width-lg u-expanded-width-md u-expanded-width-sm u-expanded-width-xs u-group u-radius-4 u-shape-round u-group-3\">\n          <div class=\"u-container-layout u-container-layout-3\">\n            <h2 class=\"u-custom-font u-text u-text-default u-text-font u-text-white u-text-5\"> Media preparation <\/h2>\n            <p class=\"u-text u-text-white u-text-6\"> Bringing publications to market on time means \"time to market\",\nincreased sales and a better image. We support you with the introduction of PIM in the context of\nyour print preparation or take over this as a full service. <\/p>\n          <\/div>\n        <\/div>\n        <div class=\"u-container-style u-custom-color-4 u-expanded-width-lg u-expanded-width-md u-expanded-width-sm u-expanded-width-xs u-group u-radius-4 u-shape-round u-group-4\">\n          <div class=\"u-container-layout u-valign-top u-container-layout-4\">\n            <h2 class=\"u-custom-font u-text u-text-custom-color-7 u-text-default u-text-font u-text-7\">Other service areas<br>\n            <\/h2>\n            <p class=\"u-text u-text-custom-color-3 u-text-8\"> Data acquisition,\n-maintenance and preparation, preparation of the product database, layout conception,\npreparation and creation of publication trees, production of print publications\nprint publications, correction runs. <\/p>\n          <\/div>\n        <\/div>\n      <\/div>\n    <\/section>\n    <section class=\"u-clearfix u-grey-5 u-section-18\" id=\"carousel_cbad\">\n      <div class=\"u-clearfix u-sheet u-valign-middle u-sheet-1\">\n        <p class=\"u-text u-text-custom-color-1 u-text-1\">\n          <span style=\"font-weight: 700;\">Further services<\/span> of our product service: training, detailed documentation, <br>Dial-up support, user hotline, software maintenance contracts, guaranteed updates<br>\n          <span style=\"font-weight: 700;\">\n            <br>All services are carried out at advanced concepts Ltd.\n          <\/span>\n        <\/p>\n      <\/div>\n    <\/section>","protected":false},"excerpt":{"rendered":"<p>\u00dcber uns Wo einst die Funken spr\u00fchten, entstehen heute innovative Softwarel\u00f6sungen.Das Revier mit seinem Strukturwandel ist voller Ideen. Es steht f\u00fcr Innovationsst\u00e4rke, pragmatisches Anpacken und f\u00fcr das offene Wort! Ihre Softwareschmiede im Revier Die advanced concepts GmbH wurde im Ruhrgebiet \u2013 auch Revier, Pott, Ruhrpott oder Kohlenpott genannt \u2013 gegr\u00fcndet. Bis heute ist das Unternehmen &hellip; <a href=\"https:\/\/dev.advanced-concepts.de\/en\/ueber-uns\/\" class=\"more-link\">Continue reading<span class=\"screen-reader-text\"> &#8222;\u00dcber uns&#8220;<\/span><\/a><\/p>","protected":false},"author":2,"featured_media":0,"parent":0,"menu_order":23,"comment_status":"closed","ping_status":"closed","template":"","meta":{"footnotes":""},"class_list":["post-1921","page","type-page","status-publish","hentry"],"_links":{"self":[{"href":"https:\/\/dev.advanced-concepts.de\/en\/wp-json\/wp\/v2\/pages\/1921","targetHints":{"allow":["GET"]}}],"collection":[{"href":"https:\/\/dev.advanced-concepts.de\/en\/wp-json\/wp\/v2\/pages"}],"about":[{"href":"https:\/\/dev.advanced-concepts.de\/en\/wp-json\/wp\/v2\/types\/page"}],"author":[{"embeddable":true,"href":"https:\/\/dev.advanced-concepts.de\/en\/wp-json\/wp\/v2\/users\/2"}],"replies":[{"embeddable":true,"href":"https:\/\/dev.advanced-concepts.de\/en\/wp-json\/wp\/v2\/comments?post=1921"}],"version-history":[{"count":25,"href":"https:\/\/dev.advanced-concepts.de\/en\/wp-json\/wp\/v2\/pages\/1921\/revisions"}],"predecessor-version":[{"id":2738,"href":"https:\/\/dev.advanced-concepts.de\/en\/wp-json\/wp\/v2\/pages\/1921\/revisions\/2738"}],"wp:attachment":[{"href":"https:\/\/dev.advanced-concepts.de\/en\/wp-json\/wp\/v2\/media?parent=1921"}],"curies":[{"name":"wp","href":"https:\/\/api.w.org\/{rel}","templated":true}]}}