{"id":2589,"date":"2022-08-16T12:47:08","date_gmt":"2022-08-16T10:47:08","guid":{"rendered":"https:\/\/dev.advanced-concepts.de\/?page_id=2589"},"modified":"2026-04-30T14:20:15","modified_gmt":"2026-04-30T12:20:15","slug":"karriere","status":"publish","type":"page","link":"https:\/\/dev.advanced-concepts.de\/en\/karriere\/","title":{"rendered":"Career"},"content":{"rendered":"<section class=\"u-clearfix u-custom-color-1 u-section-2\" id=\"sec-2777\">\n      <div class=\"u-clearfix u-sheet u-valign-middle u-sheet-1\">\n        <h1 class=\"u-text u-text-default u-title u-text-1\"> Stellenangebote<br>\n        <\/h1>\n      <\/div>\n    <\/section>\n    <section class=\"u-clearfix u-grey-5 u-section-3\" id=\"sec-c8fe\">\n      <div class=\"u-clearfix u-sheet u-valign-middle-lg u-valign-middle-md u-valign-middle-sm u-valign-middle-xl u-valign-middle-xs u-sheet-1\">\n        <p class=\"u-text u-text-custom-color-1 u-text-1\">Wir m\u00f6chten unser Team gerne vergr\u00f6\u00dfern und sind auf der Suche nach Bewerber*Innen f\u00fcr folgende Positionen.<br>\n        <\/p>\n      <\/div>\n    <\/section>\n    <section class=\"u-clearfix u-hidden-md u-hidden-sm u-hidden-xs u-image u-section-4\" id=\"sec-be0e\" data-image-width=\"1442\" data-image-height=\"492\" style=\"background-image: url(&quot;https:\/\/dev.advanced-concepts.de\/wp-content\/uploads\/2022\/08\/henrichshuette_hattingen_08.jpg&quot;);\">\n      <div class=\"u-align-left u-clearfix u-sheet u-sheet-1\">\n        <p class=\"u-text u-text-1\">\n          <a class=\"u-active-none u-border-2 u-border-hover-custom-color-1 u-border-no-left u-border-no-right u-border-no-top u-bottom-left-radius-0 u-bottom-right-radius-0 u-btn u-button-link u-button-style u-dialog-link u-hover-none u-none u-radius-0 u-top-left-radius-0 u-top-right-radius-0 u-btn-1\" href=\"#sec-faa6\">Handelsvertreter*In (in Teilzeit-Festanstellung)<\/a>\n        <\/p>\n      <\/div>\n    <\/section>\n    <section class=\"u-clearfix u-grey-5 u-section-5\" id=\"carousel_709b\">\n      <div class=\"u-clearfix u-sheet u-valign-middle-lg u-valign-middle-md u-valign-middle-sm u-valign-middle-xl u-valign-middle-xs u-sheet-1\">\n        <p class=\"u-text u-text-custom-color-1 u-text-1\"> Bei\nInteresse wenden Sie sich bitte unter der E-Mail \"bewerbung(at)advanced-concepts.de\" an Hrn. Andreas Szkudlarski. <\/p>\n      <\/div>\n    <\/section>","protected":false},"excerpt":{"rendered":"<p>Stellenangebote Wir m\u00f6chten unser Team gerne vergr\u00f6\u00dfern und sind auf der Suche nach Bewerber*Innen f\u00fcr folgende Positionen. Handelsvertreter*In (in Teilzeit-Festanstellung) Bei Interesse wenden Sie sich bitte unter der E-Mail &#8222;bewerbung(at)advanced-concepts.de&#8220; an Hrn. Andreas Szkudlarski.<\/p>","protected":false},"author":2,"featured_media":0,"parent":0,"menu_order":25,"comment_status":"closed","ping_status":"closed","template":"","meta":{"footnotes":""},"class_list":["post-2589","page","type-page","status-publish","hentry"],"_links":{"self":[{"href":"https:\/\/dev.advanced-concepts.de\/en\/wp-json\/wp\/v2\/pages\/2589","targetHints":{"allow":["GET"]}}],"collection":[{"href":"https:\/\/dev.advanced-concepts.de\/en\/wp-json\/wp\/v2\/pages"}],"about":[{"href":"https:\/\/dev.advanced-concepts.de\/en\/wp-json\/wp\/v2\/types\/page"}],"author":[{"embeddable":true,"href":"https:\/\/dev.advanced-concepts.de\/en\/wp-json\/wp\/v2\/users\/2"}],"replies":[{"embeddable":true,"href":"https:\/\/dev.advanced-concepts.de\/en\/wp-json\/wp\/v2\/comments?post=2589"}],"version-history":[{"count":12,"href":"https:\/\/dev.advanced-concepts.de\/en\/wp-json\/wp\/v2\/pages\/2589\/revisions"}],"predecessor-version":[{"id":6221,"href":"https:\/\/dev.advanced-concepts.de\/en\/wp-json\/wp\/v2\/pages\/2589\/revisions\/6221"}],"wp:attachment":[{"href":"https:\/\/dev.advanced-concepts.de\/en\/wp-json\/wp\/v2\/media?parent=2589"}],"curies":[{"name":"wp","href":"https:\/\/api.w.org\/{rel}","templated":true}]}}