{"id":2811,"date":"2023-04-17T12:07:39","date_gmt":"2023-04-17T10:07:39","guid":{"rendered":"https:\/\/advanced-concepts.de\/?page_id=2811"},"modified":"2026-02-24T09:43:49","modified_gmt":"2026-02-24T08:43:49","slug":"kunden-login","status":"publish","type":"page","link":"https:\/\/dev.advanced-concepts.de\/en\/kunden-login\/","title":{"rendered":"Customer-Login"},"content":{"rendered":"<section class=\"u-clearfix u-grey-5 u-section-2\" id=\"sec-079c\">\n      <div class=\"u-clearfix u-sheet u-valign-middle u-sheet-1\">\n        <img decoding=\"async\" class=\"u-image u-image-round u-radius-10 u-image-1\" src=\"https:\/\/dev.advanced-concepts.de\/wp-content\/uploads\/2023\/04\/blau.jpg\" alt=\"\" data-image-width=\"97\" data-image-height=\"98\">\n        <h1 class=\"u-align-left u-custom-font u-text u-text-white u-text-1\">Customer-Login<\/h1>\n      <\/div>\n    <\/section>\n    <section class=\"u-clearfix u-grey-5 u-section-3\" id=\"sec-fd8c\">\n      <div class=\"u-clearfix u-sheet u-sheet-1\">\n        <p class=\"u-align-left u-text u-text-custom-color-1 u-text-1\">Via the login you have access to our online documentation, which we make available to you as a PDF.<br> If you are a customer of ours and do not yet have access to our documents, please get in touch with your contact person at advanced concepts.<br>If you need documentation of a version that we have not discontinued, please feel free to contact us.<br>\n        <\/p>\n      <\/div>\n    <\/section>\n    <section class=\"u-clearfix u-grey-5 u-section-4\" id=\"sec-283d\">\n      <div class=\"u-clearfix u-sheet u-sheet-1\">\n        <div class=\"u-shortcode u-shortcode-1\"><div class=\"swpm-login-widget-form\">\n    <form id=\"swpm-login-form\" name=\"swpm-login-form\" method=\"post\" action=\"\" data-trp-original-action=\"\">\n        <input type=\"hidden\" name=\"swpm_login_origination_flag\" value=\"1\" \/>\n        <div class=\"swpm-login-form-inner\">\n            <div class=\"swpm-username-label\">\n                <label for=\"swpm_user_name\" class=\"swpm-label\">Username or Email<\/label>\n            <\/div>\n            <div class=\"swpm-username-input\">\n                <input type=\"text\" class=\"swpm-text-field swpm-username-field\" id=\"swpm_user_name\" value=\"\" size=\"25\" name=\"swpm_user_name\" \/>\n            <\/div>\n            <div class=\"swpm-password-label\">\n                <label for=\"swpm_password\" class=\"swpm-label\">Password<\/label>\n            <\/div>\n            <div class=\"swpm-password-input\">                \n                <input type=\"password\" class=\"swpm-text-field swpm-password-field\" id=\"swpm_password\" value=\"\" size=\"25\" name=\"swpm_password\" \/>                \n            <\/div>\n                        <div class=\"swpm-remember-me\">\n                <span class=\"swpm-remember-checkbox\"><input type=\"checkbox\" name=\"rememberme\" id=\"swpm-rememberme\"><\/span>\n                <label for=\"swpm-rememberme\" class=\"swpm-rememberme-label\">\n                    <span class=\"swpm-rember-label\"> Remember Me<\/span>\n                <\/label>\n            <\/div>\n\n            <div class=\"swpm-before-login-submit-section\"><\/div>\n\n            <div class=\"swpm-login-submit\">\n                <input type=\"submit\" class=\"swpm-login-form-submit\" name=\"swpm-login\" value=\"Log In\"\/>\n            <\/div>\n            <div class=\"swpm-forgot-pass-link\">\n                <a id=\"forgot_pass\" class=\"swpm-login-form-pw-reset-link\"  href=\"https:\/\/dev.advanced-concepts.de\/en\/membership-login\/password-reset\/\">Forgot Password?<\/a>\n            <\/div>\n                        <div class=\"swpm-join-us-link\">\n                <a id=\"register\" class=\"swpm-login-form-register-link\" href=\"https:\/\/dev.advanced-concepts.de\/en\/membership-join\/\">Join Us<\/a>\n            <\/div>\n                        <div class=\"swpm-login-action-msg\">\n                <span class=\"swpm-login-widget-action-msg\"><\/span>\n            <\/div>\n        <\/div>\n    <input type=\"hidden\" name=\"trp-form-language\" value=\"en\"\/><\/form>\n<\/div>\n <\/div>\n      <\/div>\n    <\/section>","protected":false},"excerpt":{"rendered":"<p>Kunden-Login \u00dcber den Login haben Sie Zugriff zu unseren Online-Dokumentationen, die wir Ihnen als PDF zur Verf\u00fcgung stellen. Sofern Sie Kunde bei uns sind und bislang \u00fcber keinen Zugang zu unseren Dokumenten verf\u00fcgen, wenden Sie sich bitte an Ihren Ansprechpartner bei advanced concepts.Sollten Sie eine Dokumentation einer von uns nicht abgek\u00fcndigten Version ben\u00f6tigen, k\u00f6nnen Sie &hellip; <a href=\"https:\/\/dev.advanced-concepts.de\/en\/kunden-login\/\" class=\"more-link\">Continue reading<span class=\"screen-reader-text\"> &#8222;Kunden-Login&#8220;<\/span><\/a><\/p>","protected":false},"author":2,"featured_media":0,"parent":0,"menu_order":28,"comment_status":"closed","ping_status":"closed","template":"","meta":{"footnotes":""},"class_list":["post-2811","page","type-page","status-publish","hentry"],"_links":{"self":[{"href":"https:\/\/dev.advanced-concepts.de\/en\/wp-json\/wp\/v2\/pages\/2811","targetHints":{"allow":["GET"]}}],"collection":[{"href":"https:\/\/dev.advanced-concepts.de\/en\/wp-json\/wp\/v2\/pages"}],"about":[{"href":"https:\/\/dev.advanced-concepts.de\/en\/wp-json\/wp\/v2\/types\/page"}],"author":[{"embeddable":true,"href":"https:\/\/dev.advanced-concepts.de\/en\/wp-json\/wp\/v2\/users\/2"}],"replies":[{"embeddable":true,"href":"https:\/\/dev.advanced-concepts.de\/en\/wp-json\/wp\/v2\/comments?post=2811"}],"version-history":[{"count":11,"href":"https:\/\/dev.advanced-concepts.de\/en\/wp-json\/wp\/v2\/pages\/2811\/revisions"}],"predecessor-version":[{"id":2991,"href":"https:\/\/dev.advanced-concepts.de\/en\/wp-json\/wp\/v2\/pages\/2811\/revisions\/2991"}],"wp:attachment":[{"href":"https:\/\/dev.advanced-concepts.de\/en\/wp-json\/wp\/v2\/media?parent=2811"}],"curies":[{"name":"wp","href":"https:\/\/api.w.org\/{rel}","templated":true}]}}