{"id":2920,"date":"2023-09-20T11:05:52","date_gmt":"2023-09-20T09:05:52","guid":{"rendered":"https:\/\/dev.advanced-concepts.de\/?page_id=2920"},"modified":"2026-02-24T09:44:58","modified_gmt":"2026-02-24T08:44:58","slug":"online-anwendungen","status":"publish","type":"page","link":"https:\/\/dev.advanced-concepts.de\/en\/online-anwendungen\/","title":{"rendered":"Online applications"},"content":{"rendered":"<section class=\"u-clearfix u-grey-5 u-section-2\" id=\"sec-3e83\">\n      <div class=\"u-clearfix u-sheet u-valign-middle-md u-valign-middle-sm u-valign-middle-xs u-sheet-1\">\n        <img decoding=\"async\" class=\"u-absolute-hcenter-lg u-absolute-hcenter-md u-absolute-hcenter-sm u-absolute-hcenter-xl u-absolute-hcenter-xs u-expanded-width u-image u-image-round u-radius-10 u-image-1\" src=\"https:\/\/dev.advanced-concepts.de\/wp-content\/uploads\/2023\/09\/blau.jpg\" alt=\"\" data-image-width=\"97\" data-image-height=\"98\">\n        <h1 class=\"u-text u-text-default u-title u-text-1\">Online applications<\/h1>\n      <\/div>\n    <\/section>\n    <section class=\"u-clearfix u-grey-5 u-section-3\" id=\"sec-7724\">\n      <div class=\"u-clearfix u-sheet u-valign-middle u-sheet-1\">\n        <p class=\"u-text u-text-1\"> Create customised online applications according to your corporate design.<br>\n        <\/p>\n      <\/div>\n    <\/section>\n    <section class=\"u-clearfix u-grey-5 u-hidden-lg u-hidden-xl u-hidden-xxl u-section-4\" id=\"sec-202d\">\n      <div class=\"u-clearfix u-sheet u-sheet-1\">\n        <img decoding=\"async\" class=\"u-expanded-width-md u-expanded-width-sm u-expanded-width-xs u-image u-image-round u-radius-10 u-image-1\" src=\"https:\/\/dev.advanced-concepts.de\/wp-content\/uploads\/2023\/09\/orange.jpg\" alt=\"\" data-image-width=\"97\" data-image-height=\"98\">\n        <h2 class=\"u-custom-font u-text u-text-custom-color-1 u-text-default-lg u-text-default-md u-text-default-sm u-text-default-xl u-text-default-xxl u-text-1\"> Examples for online applications:<\/h2>\n        <ul class=\"u-text u-text-custom-color-1 u-text-2\">\n          <li> Online dashboard <br>Present the desired product information to your users.\n          <\/li>\n          <li>Online data management:<br>Your users maintain excerpts of characteristics, texts, etc. online.\n          <\/li>\n          <li>Online translation:<br>Your users translate article information in selected languages.\n          <\/li>\n          <li>Online download portal:<br>Your users can select articles and download the data in the formats you specify.<br>\n            <br>A combination with the above-mentioned dashboard is also possible.\n          <\/li>\n        <\/ul>\n        <p class=\"u-text u-text-custom-color-1 u-text-3\"> Our online applications are customised in your web corporate design.<\/p>\n      <\/div>\n    <\/section>\n    <section class=\"u-clearfix u-grey-5 u-hidden-md u-hidden-sm u-hidden-xl u-hidden-xs u-hidden-xxl u-section-5\" id=\"sec-21c8\">\n      <div class=\"u-clearfix u-sheet u-valign-middle-xl u-valign-middle-xxl u-sheet-1\">\n        <img decoding=\"async\" class=\"u-expanded-width u-image u-image-round u-radius-10 u-image-1\" src=\"https:\/\/dev.advanced-concepts.de\/wp-content\/uploads\/2023\/09\/henrichshuette_hattingen_02_990.png\" alt=\"\" data-image-width=\"990\" data-image-height=\"610\">\n        <h2 class=\"u-text u-text-default u-text-1\"> Examples for online applications:<\/h2>\n        <ul class=\"u-text u-text-2\">\n          <li> Online dashboard <br>Present the desired product information to your users.\n          <\/li>\n          <li>Online data management:<br>Your users maintain excerpts of characteristics, texts, etc. online.\n          <\/li>\n          <li>Online translation:<br>Your users translate article information in selected languages.\n          <\/li>\n          <li>Online download portal:<br>Your users can select articles and download the data in the formats you specify.<br>\n            <br>A combination with the above-mentioned dashboard is also possible.\n          <\/li>\n        <\/ul>\n        <p class=\"u-text u-text-3\"> Our online applications are customised in your web corporate design.<\/p>\n      <\/div>\n    <\/section>\n    <section class=\"u-clearfix u-grey-5 u-hidden-lg u-hidden-md u-hidden-sm u-hidden-xs u-hidden-xxl u-section-6\" id=\"sec-bb00\">\n      <div class=\"u-clearfix u-sheet u-valign-middle-xxl u-sheet-1\">\n        <img decoding=\"async\" class=\"u-expanded-width u-image u-image-round u-radius-10 u-image-1\" src=\"https:\/\/dev.advanced-concepts.de\/wp-content\/uploads\/2023\/09\/henrichshuette_hattingen_02_1200.png\" alt=\"\" data-image-width=\"1200\" data-image-height=\"739\">\n        <h2 class=\"u-text u-text-default u-text-1\"> Examples for online applications:<\/h2>\n        <ul class=\"u-text u-text-2\">\n          <li> Online dashboard <br>Present the desired product information to your users.\n          <\/li>\n          <li>Online data management:<br>Your users maintain excerpts of characteristics, texts, etc. online.\n          <\/li>\n          <li>Online translation:<br>Your users translate article information in selected languages.\n          <\/li>\n          <li>Online download portal:<br>Your users can select articles and download the data in the formats you specify.<br>\n            <br>A combination with the above-mentioned dashboard is also possible.\n          <\/li>\n        <\/ul>\n        <p class=\"u-text u-text-3\">Our online applications are customised in your web corporate design.<\/p>\n      <\/div>\n    <\/section>\n    <section class=\"u-clearfix u-grey-5 u-hidden-lg u-hidden-md u-hidden-sm u-hidden-xl u-hidden-xs u-section-7\" id=\"sec-a754\">\n      <div class=\"u-clearfix u-sheet u-sheet-1\">\n        <img decoding=\"async\" class=\"u-expanded-width u-image u-image-round u-radius-10 u-image-1\" src=\"https:\/\/dev.advanced-concepts.de\/wp-content\/uploads\/2023\/09\/henrichshuette_hattingen_02_1440.png\" alt=\"\" data-image-width=\"1440\" data-image-height=\"887\">\n        <h2 class=\"u-text u-text-default u-text-1\"> Examples for online applications:<\/h2>\n        <ul class=\"u-text u-text-custom-color-1 u-text-2\">\n          <li> Online dashboard <br>Present the desired product information to your users.\n          <\/li>\n          <li>Online data management:<br>Your users maintain excerpts of characteristics, texts, etc. online.\n          <\/li>\n          <li>Online translation:<br>Your users translate article information in selected languages.\n          <\/li>\n          <li>Online download portal:<br>Your users can select articles and download the data in the formats you specify.<br>\n            <br>A combination with the above-mentioned dashboard is also possible.\n          <\/li>\n        <\/ul>\n        <p class=\"u-text u-text-3\"> Our online applications are customised in your web corporate design.<\/p>\n      <\/div>\n    <\/section>\n    <section class=\"u-clearfix u-grey-5 u-section-8\" id=\"sec-d7ee\">\n      <div class=\"u-clearfix u-sheet u-valign-middle-xl u-sheet-1\">\n        <div class=\"u-container-style u-expanded-width-xs u-group u-shape-rectangle u-group-1\">\n          <div class=\"u-container-layout u-container-layout-1\">\n            <h2 class=\"u-text u-text-custom-color-1 u-text-default-xl u-text-default-xxl u-text-1\">Online dashboard<\/h2>\n            <img decoding=\"async\" class=\"custom-expanded u-image u-image-default u-preserve-proportions u-image-1\" src=\"https:\/\/dev.advanced-concepts.de\/wp-content\/uploads\/2023\/10\/webservice_dashboard-1.jpg\" alt=\"\" data-image-width=\"963\" data-image-height=\"521\">\n          <\/div>\n        <\/div>\n        <div class=\"u-container-style u-expanded-width-sm u-expanded-width-xs u-group u-shape-rectangle u-group-2\">\n          <div class=\"u-container-layout u-valign-bottom-lg u-valign-bottom-md u-valign-bottom-sm u-valign-bottom-xs u-container-layout-2\">\n            <h2 class=\"u-text u-text-custom-color-1 u-text-default-xxl u-text-2\">Online translation<\/h2>\n            <img decoding=\"async\" class=\"u-align-right u-image u-image-default u-image-2\" src=\"https:\/\/dev.advanced-concepts.de\/wp-content\/uploads\/2023\/10\/webservice_uebersetzung-1.jpg\" alt=\"\" data-image-width=\"960\" data-image-height=\"521\">\n          <\/div>\n        <\/div>\n      <\/div>\n    <\/section>","protected":false},"excerpt":{"rendered":"<p>Online-Anwendungen Erstellen Sie kundenindividuelle Online-Anwendungen gem\u00e4\u00df Ihres Corporate Designs. Beispiele f\u00fcr Online-Anwendungen: Online-Dashboard: Pr\u00e4sentieren Sie Ihren Anwendern die gew\u00fcnschten Produktinformationen. Online Datenpflege:Ihre Anwender pflegen auszugsweise Merkmale, Texte etc. online. Online \u00dcbersetzung:Ihre Anwender \u00fcbersetzen Artikelinformationen in ausgew\u00e4hlten Sprachen. Online Download Portal:Ihre Anwender k\u00f6nnen Artikel selektieren und sich die Daten in den von Ihnen vorgegebenen Formaten herunterladen. &hellip; <a href=\"https:\/\/dev.advanced-concepts.de\/en\/online-anwendungen\/\" class=\"more-link\">Continue reading<span class=\"screen-reader-text\"> &#8222;Online-Anwendungen&#8220;<\/span><\/a><\/p>","protected":false},"author":2,"featured_media":0,"parent":0,"menu_order":19,"comment_status":"closed","ping_status":"closed","template":"","meta":{"footnotes":""},"class_list":["post-2920","page","type-page","status-publish","hentry"],"_links":{"self":[{"href":"https:\/\/dev.advanced-concepts.de\/en\/wp-json\/wp\/v2\/pages\/2920","targetHints":{"allow":["GET"]}}],"collection":[{"href":"https:\/\/dev.advanced-concepts.de\/en\/wp-json\/wp\/v2\/pages"}],"about":[{"href":"https:\/\/dev.advanced-concepts.de\/en\/wp-json\/wp\/v2\/types\/page"}],"author":[{"embeddable":true,"href":"https:\/\/dev.advanced-concepts.de\/en\/wp-json\/wp\/v2\/users\/2"}],"replies":[{"embeddable":true,"href":"https:\/\/dev.advanced-concepts.de\/en\/wp-json\/wp\/v2\/comments?post=2920"}],"version-history":[{"count":14,"href":"https:\/\/dev.advanced-concepts.de\/en\/wp-json\/wp\/v2\/pages\/2920\/revisions"}],"predecessor-version":[{"id":2989,"href":"https:\/\/dev.advanced-concepts.de\/en\/wp-json\/wp\/v2\/pages\/2920\/revisions\/2989"}],"wp:attachment":[{"href":"https:\/\/dev.advanced-concepts.de\/en\/wp-json\/wp\/v2\/media?parent=2920"}],"curies":[{"name":"wp","href":"https:\/\/api.w.org\/{rel}","templated":true}]}}