{"id":3648,"date":"2026-01-05T09:31:39","date_gmt":"2026-01-05T08:31:39","guid":{"rendered":"https:\/\/dev.advanced-concepts.de\/?page_id=3648"},"modified":"2026-02-24T09:45:54","modified_gmt":"2026-02-24T08:45:54","slug":"uebersicht-abos","status":"publish","type":"page","link":"https:\/\/dev.advanced-concepts.de\/en\/uebersicht-abos\/","title":{"rendered":"Overview of subscriptions"},"content":{"rendered":"<section class=\"u-clearfix u-grey-5 u-section-2\" id=\"sec-0cd4\">\n      <div class=\"u-clearfix u-sheet u-valign-middle-lg u-valign-middle-sm u-valign-middle-xs u-sheet-1\">\n        <img decoding=\"async\" class=\"u-expanded-width-xl u-expanded-width-xs u-expanded-width-xxl u-image u-image-round u-radius-10 u-image-1\" src=\"https:\/\/dev.advanced-concepts.de\/wp-content\/uploads\/2026\/01\/blau-1.jpg\" data-image-width=\"97\" data-image-height=\"98\">\n        <h1 class=\"u-align-left u-text u-title u-text-1\"> Overview of software subscriptions<\/h1>\n      <\/div>\n    <\/section>\n    <section class=\"u-clearfix u-grey-5 u-section-3\" id=\"sec-90be\">\n      <div class=\"u-clearfix u-sheet u-valign-middle-md u-valign-middle-xl u-sheet-1\">\n        <p class=\"u-align-left u-custom-font u-text u-text-1\"> Our ac.PIM editions. Software subscription, made easy<\/p>\n      <\/div>\n    <\/section>\n    <section class=\"u-clearfix u-grey-5 u-hidden-lg u-hidden-xl u-hidden-xxl u-section-4\" id=\"block-9\">\n      <div class=\"u-clearfix u-sheet u-valign-middle-xl u-valign-middle-xxl u-sheet-1\">\n        <a href=\"https:\/\/dev.advanced-concepts.de\/wp-content\/uploads\/2026\/02\/UebersichtSoftwareABOs-1.pdf\" class=\"u-align-center-md u-align-center-sm u-align-center-xs u-border-2 u-border-grey-75 u-btn u-btn-round u-button-style u-file-link u-gradient u-hover-feature u-radius-50 u-text-hover-grey-30 u-text-white u-none u-btn-1\" target=\"_blank\">Einseitige \u200b\u200b\u00dcbersicht Editionen<\/a>\n      <\/div>\n      \n    <\/section>\n    <section class=\"u-clearfix u-color-var u-section-5\" id=\"sec-0da3\">\n      <div class=\"u-clearfix u-sheet u-valign-middle-lg u-valign-middle-sm u-valign-middle-xl u-sheet-1\">\n        <div class=\"data-layout-selected u-clearfix u-expanded-width u-layout-wrap u-layout-wrap-1\">\n          <div class=\"u-layout\">\n            <div class=\"u-layout-row\">\n              <div class=\"u-container-style u-layout-cell u-size-15 u-size-30-md u-layout-cell-1\">\n                <div class=\"u-container-layout u-valign-top-sm u-container-layout-1\">\n                  <img decoding=\"async\" class=\"custom-expanded u-border-1 u-border-white u-expanded-width-lg u-expanded-width-md u-expanded-width-xl u-image u-image-round u-radius u-image-1\" src=\"https:\/\/dev.advanced-concepts.de\/wp-content\/uploads\/2026\/02\/bersicht-basic-1-768x3105.jpg\" data-image-width=\"1007\" data-image-height=\"4071\">\n                <\/div>\n              <\/div>\n              <div class=\"u-container-style u-layout-cell u-size-15 u-size-30-md u-layout-cell-2\">\n                <div class=\"u-container-layout u-valign-top-xxl u-container-layout-2\">\n                  <img decoding=\"async\" class=\"custom-expanded u-border-1 u-border-white u-expanded-width-lg u-expanded-width-md u-image u-image-round u-radius u-image-2\" src=\"https:\/\/dev.advanced-concepts.de\/wp-content\/uploads\/2026\/02\/bersicht-business-1-768x3105.jpg\" alt=\"\" data-image-width=\"1007\" data-image-height=\"4071\">\n                <\/div>\n              <\/div>\n              <div class=\"u-container-style u-layout-cell u-size-15 u-size-30-md u-layout-cell-3\">\n                <div class=\"u-container-layout u-valign-middle-xs u-valign-top-sm u-valign-top-xxl u-container-layout-3\">\n                  <img decoding=\"async\" class=\"custom-expanded u-border-1 u-border-white u-expanded-width-lg u-expanded-width-md u-expanded-width-xl u-expanded-width-xxl u-image u-image-round u-radius u-image-3\" src=\"https:\/\/dev.advanced-concepts.de\/wp-content\/uploads\/2026\/02\/bersicht-professional-2-768x3105.jpg\" alt=\"\" data-image-width=\"1007\" data-image-height=\"4071\">\n                <\/div>\n              <\/div>\n              <div class=\"u-container-style u-layout-cell u-size-15 u-size-30-md u-layout-cell-4\">\n                <div class=\"u-container-layout u-valign-bottom-xs u-valign-top-sm u-valign-top-xxl u-container-layout-4\">\n                  <img decoding=\"async\" class=\"custom-expanded u-border-1 u-border-white u-expanded-width-lg u-expanded-width-md u-expanded-width-xl u-expanded-width-xxl u-image u-image-round u-radius u-image-4\" src=\"https:\/\/dev.advanced-concepts.de\/wp-content\/uploads\/2026\/02\/bersicht-editionsunabhngig-3-768x3105.jpg\" alt=\"\" data-image-width=\"1007\" data-image-height=\"4071\">\n                <\/div>\n              <\/div>\n            <\/div>\n          <\/div>\n        <\/div>\n      <\/div>\n    <\/section>\n    <section class=\"u-clearfix u-color-var u-section-6\" id=\"sec-1e80\">\n      <div class=\"u-clearfix u-sheet u-valign-top-xxl u-sheet-1\">\n        <p class=\"u-text u-text-default u-text-1\"> *per client, including software maintenance, price excluding VAT, details: see current price list<br>The editions listed here are on-premises solutions.\n        <\/p>\n      <\/div>\n    <\/section>\n    <section class=\"u-clearfix u-grey-5 u-hidden-lg u-hidden-xl u-hidden-xxl u-section-7\" id=\"block-10\">\n      <div class=\"u-clearfix u-sheet u-valign-middle-md u-valign-middle-xl u-valign-middle-xxl u-sheet-1\">\n        <a href=\"https:\/\/dev.advanced-concepts.de\/wp-content\/uploads\/2026\/02\/UebersichtSoftwareABOs.pdf\" class=\"u-align-center-md u-align-center-sm u-align-center-xs u-border-2 u-border-grey-75 u-btn u-btn-round u-button-style u-file-link u-gradient u-hover-feature u-radius-50 u-text-hover-grey-30 u-text-white u-none u-btn-1\" target=\"_blank\">Einseitige \u200b\u200b\u00dcbersicht Editionen<\/a>\n      <\/div>\n      \n    <\/section>\n    <section class=\"u-clearfix u-grey-5 u-section-8\" id=\"sec-0d9c\">\n      <div class=\"u-clearfix u-sheet u-valign-middle-md u-valign-middle-xl u-sheet-1\">\n        <p class=\"u-align-left u-custom-font u-text u-text-1\"> Client licences<\/p>\n      <\/div>\n    <\/section>\n    <section class=\"u-clearfix u-grey-5 u-hidden-md u-hidden-sm u-hidden-xs u-section-9\" id=\"sec-20e9\">\n      <div class=\"u-clearfix u-sheet u-valign-middle-xl u-valign-middle-xxl u-sheet-1\">\n        <div class=\"data-layout-selected u-clearfix u-expanded-width u-layout-wrap u-layout-wrap-1\">\n          <div class=\"u-layout\">\n            <div class=\"u-layout-row\">\n              <div class=\"u-container-style u-layout-cell u-size-30-xxl u-size-31-lg u-size-31-md u-size-31-sm u-size-31-xs u-size-32-xl u-layout-cell-1\">\n                <div class=\"u-container-layout u-container-layout-1\">\n                  <ul class=\"u-align-left u-custom-list u-text u-text-1\">\n                    <li>\n                      <div class=\"u-list-icon\">\n                        <div>\u25cf<\/div>\n                      <\/div><span style=\"font-weight: 700;\"><\/span>subsidiary client license\n                    <\/li>\n                  <\/ul>\n                  <ul class=\"u-align-left u-custom-list u-text u-text-2\">\n                    <li>\n                      <div class=\"u-list-icon\">\n                        <div>\u25cf<\/div>\n                      <\/div><span style=\"font-weight: 700;\"><\/span>Business unit client license\n                    <\/li>\n                  <\/ul>\n                  <ul class=\"u-align-left u-custom-list u-text u-text-3\">\n                    <li>\n                      <div class=\"u-list-icon\">\n                        <div>\u25cf<\/div>\n                      <\/div><span style=\"font-weight: 700;\"><\/span>corporate user client license\n                    <\/li>\n                  <\/ul>\n                  <ul class=\"u-align-left u-custom-list u-text u-text-4\">\n                    <li>\n                      <div class=\"u-list-icon\">\n                        <div>\u25cf<\/div>\n                      <\/div><span style=\"font-weight: 700;\"><\/span>corporate group user client license\n                    <\/li>\n                  <\/ul>\n                  <ul class=\"u-align-left u-custom-list u-text u-text-5\">\n                    <li>\n                      <div class=\"u-list-icon\">\n                        <div>\u25cf<\/div>\n                      <\/div><span style=\"font-weight: 700;\"><\/span> member client license <br>(Mitgliedsmandantenlizenz)\n                    <\/li>\n                  <\/ul>\n                <\/div>\n              <\/div>\n              <div class=\"u-container-style u-layout-cell u-size-28-xl u-size-29-lg u-size-29-md u-size-29-sm u-size-29-xs u-size-30-xxl u-layout-cell-2\">\n                <div class=\"u-container-layout u-container-layout-2\">\n                  <p class=\"u-text u-text-default u-text-6\">\n                    <br>70% of the list price of the software subscription<br>\n                    <br>50% of the list price of the software subscription<br>\n                    <br>10% of the list price of the software subscription<br>\n                    <br>12.5% of the list price of the software subscription<br>\n                    <br>15% of the list price of the software subscription\n                  <\/p>\n                <\/div>\n              <\/div>\n            <\/div>\n          <\/div>\n        <\/div>\n      <\/div>\n    <\/section>\n    <section class=\"u-clearfix u-grey-5 u-hidden-lg u-hidden-xl u-hidden-xxl u-section-10\" id=\"block-8\">\n      <div class=\"u-clearfix u-sheet u-valign-middle-md u-valign-middle-sm u-valign-middle-xxl u-sheet-1\">\n        <ul class=\"u-text u-text-1\">\n          <li> subsidiary client license<br>(Tochtergesellschaftsmandantenlizenz)<br>70% of the list price of the software subscription<br>\n            <br>\n          <\/li>\n          <li>Business unit client license<br>(Unternehmseinheitmandantenlizenz)<br>50% of the list price of the software subscription<br>\n            <br>\n          <\/li>\n          <li>corporate user client license<br>(Konzernbenutzermandantenlizenz)<br>10% of the list price of the software subscription<br>\n            <br>\n          <\/li>\n          <li>corporate group user client license<br>12.5% of the list price of the software subscription<br>\n            <br>\n          <\/li>\n          <li>member client license<br>(Mitgliedsmandantenlizenz)<br>15% of the list price of the software subscription\n          <\/li>\n        <\/ul>\n      <\/div>\n    <\/section>\n    <section class=\"u-clearfix u-grey-5 u-section-11\" id=\"sec-2664\">\n      <div class=\"u-clearfix u-sheet u-valign-middle-xl u-sheet-1\">\n        <a href=\"https:\/\/dev.advanced-concepts.de\/en\/faq-zu-den-abos\/\" class=\"u-border-2 u-border-grey-75 u-btn u-btn-round u-button-style u-gradient u-hover-feature u-radius-50 u-text-hover-grey-30 u-text-white u-none u-btn-1\" target=\"_blank\"> FAQs about subscriptions<br>\n        <\/a>\n      <\/div>\n      \n    <\/section>","protected":false},"excerpt":{"rendered":"<p>\u00dcbersicht Software-ABOs Unsere ac.PIM Editionen. Software ABO, einfach gemacht Einseitige \u200b\u200b\u00dcbersicht Editionen *je Mandant, inkl. der Softwarewartung, Preis zzgl. MwSt., Details: s. g\u00fcltige PreislisteBei den hier aufgef\u00fchrten Editionen handelt es sich um on premise-L\u00f6sungen Einseitige \u200b\u200b\u00dcbersicht Editionen Mandantenlizenzen \u25cf subsidiary client license (Tochtergesellschaftsmandantenlizenz) \u25cf Business unit client license (Unternehmseinheitmandantenlizenz) \u25cf corporate user client license (Konzernbenutzermandantenlizenz) &hellip; <a href=\"https:\/\/dev.advanced-concepts.de\/en\/uebersicht-abos\/\" class=\"more-link\">Continue reading<span class=\"screen-reader-text\"> &#8222;\u00dcbersicht ABOs&#8220;<\/span><\/a><\/p>","protected":false},"author":2,"featured_media":0,"parent":0,"menu_order":13,"comment_status":"closed","ping_status":"closed","template":"","meta":{"footnotes":""},"class_list":["post-3648","page","type-page","status-publish","hentry"],"_links":{"self":[{"href":"https:\/\/dev.advanced-concepts.de\/en\/wp-json\/wp\/v2\/pages\/3648","targetHints":{"allow":["GET"]}}],"collection":[{"href":"https:\/\/dev.advanced-concepts.de\/en\/wp-json\/wp\/v2\/pages"}],"about":[{"href":"https:\/\/dev.advanced-concepts.de\/en\/wp-json\/wp\/v2\/types\/page"}],"author":[{"embeddable":true,"href":"https:\/\/dev.advanced-concepts.de\/en\/wp-json\/wp\/v2\/users\/2"}],"replies":[{"embeddable":true,"href":"https:\/\/dev.advanced-concepts.de\/en\/wp-json\/wp\/v2\/comments?post=3648"}],"version-history":[{"count":20,"href":"https:\/\/dev.advanced-concepts.de\/en\/wp-json\/wp\/v2\/pages\/3648\/revisions"}],"predecessor-version":[{"id":6008,"href":"https:\/\/dev.advanced-concepts.de\/en\/wp-json\/wp\/v2\/pages\/3648\/revisions\/6008"}],"wp:attachment":[{"href":"https:\/\/dev.advanced-concepts.de\/en\/wp-json\/wp\/v2\/media?parent=3648"}],"curies":[{"name":"wp","href":"https:\/\/api.w.org\/{rel}","templated":true}]}}